{"id":44028,"date":"2022-03-07T23:34:47","date_gmt":"2022-03-07T23:34:47","guid":{"rendered":"https:\/\/demo26.houzez.co\/?page_id=44028"},"modified":"2024-05-23T19:59:04","modified_gmt":"2024-05-23T23:59:04","slug":"%d0%bf%d0%be%d0%b8%d1%81%d0%ba-%d0%bd%d0%b5%d0%b4%d0%b2%d0%b8%d0%b6%d0%b8%d0%bc%d0%be%d1%81%d1%82%d0%b8","status":"publish","type":"page","link":"https:\/\/grundstuecke-paraguay.com\/ru\/immobiliensuche\/","title":{"rendered":"\u041f\u043e\u0438\u0441\u043a \u043d\u0435\u0434\u0432\u0438\u0436\u0438\u043c\u043e\u0441\u0442\u0438"},"content":{"rendered":"<div data-elementor-type=\"wp-page\" data-elementor-id=\"44028\" class=\"elementor elementor-44028\" data-elementor-post-type=\"page\">\n\t\t\t\t<div class=\"elementor-element elementor-element-d82f4d0 e-flex e-con-boxed e-con e-parent\" data-id=\"d82f4d0\" data-element_type=\"container\" data-e-type=\"container\">\n\t\t\t\t\t<div class=\"e-con-inner\">\n\t\t<div class=\"elementor-element elementor-element-3065616 e-flex e-con-boxed e-con e-child\" data-id=\"3065616\" data-element_type=\"container\" data-e-type=\"container\">\n\t\t\t\t\t<div class=\"e-con-inner\">\n\t\t\t\t<div class=\"elementor-element elementor-element-0765117 elementor-widget elementor-widget-heading\" data-id=\"0765117\" data-element_type=\"widget\" data-e-type=\"widget\" data-widget_type=\"heading.default\">\n\t\t\t\t<div class=\"elementor-widget-container\">\n\t\t\t\t\t<h1 class=\"elementor-heading-title elementor-size-default\">\u0418\u0441\u043a\u0430\u0442\u044c \u0438 \u043d\u0430\u0445\u043e\u0434\u0438\u0442\u044c \u043d\u0435\u0434\u0432\u0438\u0436\u0438\u043c\u043e\u0441\u0442\u044c \u0432 \u041f\u0430\u0440\u0430\u0433\u0432\u0430\u0435 \u043b\u0435\u0433\u043a\u043e!<\/h1>\t\t\t\t<\/div>\n\t\t\t\t<\/div>\n\t\t\t\t<div class=\"elementor-element elementor-element-d9eb248 elementor-widget elementor-widget-text-editor\" data-id=\"d9eb248\" data-element_type=\"widget\" data-e-type=\"widget\" data-widget_type=\"text-editor.default\">\n\t\t\t\t<div class=\"elementor-widget-container\">\n\t\t\t\t\t\t\t\t\t<p>\u0421 \u043f\u043e\u043c\u043e\u0449\u044c\u044e \u0443\u0434\u043e\u0431\u043d\u043e\u0439 \u043c\u0430\u0441\u043a\u0438 \u043f\u043e\u0438\u0441\u043a\u0430 \u043d\u0435\u0434\u0432\u0438\u0436\u0438\u043c\u043e\u0441\u0442\u0438 \u043d\u0430 Grundstuecke-Paraguay.com<br \/>\u041e\u0442\u043e\u0431\u0440\u0430\u0436\u0430\u0439\u0442\u0435 \u0442\u043e\u043b\u044c\u043a\u043e \u0442\u0435 \u043e\u0431\u044a\u0435\u043a\u0442\u044b \u0438 \u0434\u043e\u043c\u0430, \u043a\u043e\u0442\u043e\u0440\u044b\u0435 \u0432\u0430\u043c \u043f\u043e\u0434\u0445\u043e\u0434\u044f\u0442.<\/p><p>\u041f\u0440\u043e\u0441\u0442\u043e \u043e\u0442\u0441\u043e\u0440\u0442\u0438\u0440\u0443\u0439\u0442\u0435 \u0438\u0445 \u043f\u043e:<\/p><p>\u0422\u0438\u043f \u043d\u0435\u0434\u0432\u0438\u0436\u0438\u043c\u043e\u0441\u0442\u0438 - \u041f\u043e\u0438\u0441\u043a <a href=\"\/ru\/?property_type=grundstueck\">\u041d\u0435\u0434\u0432\u0438\u0436\u0438\u043c\u043e\u0441\u0442\u044c<\/a>, <a href=\"\/ru\/?property_type=haus\">\u0414\u043e\u043c\u0430<\/a>\u041a\u0432\u0430\u0440\u0442\u0438\u0440\u044b \u0438\u043b\u0438 \u043c\u0430\u0433\u0430\u0437\u0438\u043d\u044b? <br \/>\u0421\u0442\u0430\u0442\u0443\u0441: \u041f\u043e\u043a\u0443\u043f\u043a\u0430 \u0438\u043b\u0438 \u0430\u0440\u0435\u043d\u0434\u0430?<br \/>\u0420\u0430\u0441\u043f\u043e\u043b\u043e\u0436\u0435\u043d\u0438\u0435 - \u0413\u0434\u0435 \u044d\u0442\u043e \u0434\u043e\u043b\u0436\u043d\u043e \u0431\u044b\u0442\u044c? \u041a\u0430\u043a\u0438\u0435 \u0434\u0435\u043f\u0430\u0440\u0442\u0430\u043c\u0435\u043d\u0442\u044b \u0438\u043b\u0438 \u0433\u043e\u0440\u043e\u0434\u0430 \u0432\u0430\u0441 \u0438\u043d\u0442\u0435\u0440\u0435\u0441\u0443\u044e\u0442?<\/p><p>\u0421\u043e\u0432\u0435\u0442:<br \/>\u041c\u044b \u0440\u0435\u043a\u043e\u043c\u0435\u043d\u0434\u0443\u0435\u043c \u043d\u0435 \u0438\u0441\u043f\u043e\u043b\u044c\u0437\u043e\u0432\u0430\u0442\u044c \u0441\u043b\u0438\u0448\u043a\u043e\u043c \u043c\u043d\u043e\u0433\u043e \u0444\u0438\u043b\u044c\u0442\u0440\u043e\u0432 \u043e\u0434\u043d\u043e\u0432\u0440\u0435\u043c\u0435\u043d\u043d\u043e, \u0442\u0430\u043a \u043a\u0430\u043a \u044d\u0442\u043e \u0435\u0441\u0442\u0435\u0441\u0442\u0432\u0435\u043d\u043d\u044b\u043c \u043e\u0431\u0440\u0430\u0437\u043e\u043c \u043e\u0433\u0440\u0430\u043d\u0438\u0447\u0438\u0432\u0430\u0435\u0442 \u0440\u0435\u0437\u0443\u043b\u044c\u0442\u0430\u0442\u044b \u043f\u043e\u0438\u0441\u043a\u0430.<br \/>\u041d\u043e \u0435\u0441\u043b\u0438 \u0432\u044b \u0442\u043e\u0447\u043d\u043e \u0437\u043d\u0430\u0435\u0442\u0435, \u0447\u0442\u043e \u0432\u0430\u043c \u043d\u0443\u0436\u0435\u043d \u0434\u043e\u043c \u0432 \u0410\u0441\u0443\u043d\u0441\u044c\u043e\u043d\u0435 \u043a\u0430\u043a \u043c\u0438\u043d\u0438\u043c\u0443\u043c \u0441 4 \u0441\u043f\u0430\u043b\u044c\u043d\u044f\u043c\u0438, \u0432\u044b, \u043a\u043e\u043d\u0435\u0447\u043d\u043e, \u043c\u043e\u0436\u0435\u0442\u0435 \u0443\u043a\u0430\u0437\u0430\u0442\u044c \u0438 \u044d\u0442\u043e.<\/p><p>\u0421\u043e\u0432\u0435\u0442\u044b \u043f\u043e \u043f\u043e\u0438\u0441\u043a\u0443<\/p><p>1. \u0415\u0441\u043b\u0438 \u043d\u0435 \u0432\u044b\u0431\u0440\u0430\u0442\u044c \u043d\u0438\u043a\u0430\u043a\u0438\u0445 \u0444\u0438\u043b\u044c\u0442\u0440\u043e\u0432, \u0431\u0443\u0434\u0443\u0442 \u043f\u043e\u043a\u0430\u0437\u0430\u043d\u044b \u0432\u0441\u0435 \u043e\u0431\u044a\u0435\u043a\u0442\u044b \u043d\u0435\u0434\u0432\u0438\u0436\u0438\u043c\u043e\u0441\u0442\u0438. \u0411\u0443\u0434\u044c \u0442\u043e \u0434\u043e\u043c\u0430, \u0437\u0435\u043c\u0435\u043b\u044c\u043d\u044b\u0435 \u0443\u0447\u0430\u0441\u0442\u043a\u0438 \u0438\u043b\u0438 \u043e\u0431\u044a\u0435\u043a\u0442\u044b \u0430\u0440\u0435\u043d\u0434\u044b.<\/p><p>\u0412\u041e\u041f\u0420\u041e\u0421\u042b \u0418 \u041e\u0422\u0412\u0415\u0422\u042b:<br \/>\u042f \u043d\u0435 \u043f\u043e\u043b\u0443\u0447\u0430\u044e \u043d\u0438\u043a\u0430\u043a\u0438\u0445 \u0440\u0435\u0437\u0443\u043b\u044c\u0442\u0430\u0442\u043e\u0432 \u043f\u043e\u0438\u0441\u043a\u0430. <br \/>\u041e: \u0421\u0442\u0430\u0440\u0430\u0439\u0442\u0435\u0441\u044c \u0432\u044b\u0431\u0438\u0440\u0430\u0442\u044c \u043c\u0435\u043d\u044c\u0448\u0435 \u0444\u0438\u043b\u044c\u0442\u0440\u043e\u0432.<\/p><p>\u042f \u043f\u043e-\u043f\u0440\u0435\u0436\u043d\u0435\u043c\u0443 \u043d\u0435 \u043f\u043e\u043b\u0443\u0447\u0430\u044e \u043d\u0438\u043a\u0430\u043a\u0438\u0445 \u0440\u0435\u0437\u0443\u043b\u044c\u0442\u0430\u0442\u043e\u0432 \u043f\u043e\u0438\u0441\u043a\u0430.<br \/>\u041e: \u041f\u043e\u043f\u0440\u043e\u0431\u0443\u0439\u0442\u0435 \u0431\u0435\u0437 \u0444\u0438\u043b\u044c\u0442\u0440\u0430<\/p>\t\t\t\t\t\t\t\t<\/div>\n\t\t\t\t<\/div>\n\t\t\t\t\t<\/div>\n\t\t\t\t<\/div>\n\t\t\t\t\t<\/div>\n\t\t\t\t<\/div>\n\t\t\t\t<\/div>","protected":false},"excerpt":{"rendered":"<p>Paraguay Immobilien bequem suchen und finden! Mit der komfortablen Immobilien-Suchmaske auf Grundstuecke-Paraguay.comLassen Sie sich nur die Grundst\u00fccke und H\u00e4user anzeigen, die f\u00fcr Sie in Frage kommen. Sortieren sie ganz einfach nach: Immobilienart &#8211; Suchen Sie Grundst\u00fccke, H\u00e4user, Wohnungen oder Ladenlokale? Status: Kaufen oder Mieten?Lage &#8211; Wo soll es sein? Welche Departamentos oder St\u00e4dte interessieren Sie? [&hellip;]<\/p>\n","protected":false},"author":1,"featured_media":0,"parent":0,"menu_order":0,"comment_status":"closed","ping_status":"closed","template":"template\/property-listings-map.php","meta":{"footnotes":""},"class_list":["post-44028","page","type-page","status-publish","hentry"],"_links":{"self":[{"href":"https:\/\/grundstuecke-paraguay.com\/ru\/wp-json\/wp\/v2\/pages\/44028","targetHints":{"allow":["GET"]}}],"collection":[{"href":"https:\/\/grundstuecke-paraguay.com\/ru\/wp-json\/wp\/v2\/pages"}],"about":[{"href":"https:\/\/grundstuecke-paraguay.com\/ru\/wp-json\/wp\/v2\/types\/page"}],"author":[{"embeddable":true,"href":"https:\/\/grundstuecke-paraguay.com\/ru\/wp-json\/wp\/v2\/users\/1"}],"replies":[{"embeddable":true,"href":"https:\/\/grundstuecke-paraguay.com\/ru\/wp-json\/wp\/v2\/comments?post=44028"}],"version-history":[{"count":0,"href":"https:\/\/grundstuecke-paraguay.com\/ru\/wp-json\/wp\/v2\/pages\/44028\/revisions"}],"wp:attachment":[{"href":"https:\/\/grundstuecke-paraguay.com\/ru\/wp-json\/wp\/v2\/media?parent=44028"}],"curies":[{"name":"wp","href":"https:\/\/api.w.org\/{rel}","templated":true}]}}