{"id":44028,"date":"2022-03-07T23:34:47","date_gmt":"2022-03-07T23:34:47","guid":{"rendered":"https:\/\/demo26.houzez.co\/?page_id=44028"},"modified":"2024-05-23T19:59:04","modified_gmt":"2024-05-23T23:59:04","slug":"pesquisa-de-propriedades","status":"publish","type":"page","link":"https:\/\/grundstuecke-paraguay.com\/pt\/immobiliensuche\/","title":{"rendered":"Pesquisa de propriedades"},"content":{"rendered":"<div data-elementor-type=\"wp-page\" data-elementor-id=\"44028\" class=\"elementor elementor-44028\" data-elementor-post-type=\"page\">\n\t\t\t\t<div class=\"elementor-element elementor-element-d82f4d0 e-flex e-con-boxed e-con e-parent\" data-id=\"d82f4d0\" data-element_type=\"container\" data-e-type=\"container\">\n\t\t\t\t\t<div class=\"e-con-inner\">\n\t\t<div class=\"elementor-element elementor-element-3065616 e-flex e-con-boxed e-con e-child\" data-id=\"3065616\" data-element_type=\"container\" data-e-type=\"container\">\n\t\t\t\t\t<div class=\"e-con-inner\">\n\t\t\t\t<div class=\"elementor-element elementor-element-0765117 elementor-widget elementor-widget-heading\" data-id=\"0765117\" data-element_type=\"widget\" data-e-type=\"widget\" data-widget_type=\"heading.default\">\n\t\t\t\t<div class=\"elementor-widget-container\">\n\t\t\t\t\t<h1 class=\"elementor-heading-title elementor-size-default\">Pesquise e encontre facilmente propriedades no Paraguai!<\/h1>\t\t\t\t<\/div>\n\t\t\t\t<\/div>\n\t\t\t\t<div class=\"elementor-element elementor-element-d9eb248 elementor-widget elementor-widget-text-editor\" data-id=\"d9eb248\" data-element_type=\"widget\" data-e-type=\"widget\" data-widget_type=\"text-editor.default\">\n\t\t\t\t<div class=\"elementor-widget-container\">\n\t\t\t\t\t\t\t\t\t<p>Com a conveniente m\u00e1scara de busca de propriedades no Grundstuecke-Paraguay.com<br \/>Exiba apenas as propriedades e casas que s\u00e3o adequadas para voc\u00ea.<\/p><p>Basta classific\u00e1-los por:<\/p><p>Tipo de propriedade - Pesquisar <a href=\"\/pt\/?property_type=grundstueck\">Im\u00f3veis<\/a>, <a href=\"\/pt\/?property_type=haus\">Casas<\/a>, apartamentos ou lojas? <br \/>Status: Comprando ou alugando?<br \/>Localiza\u00e7\u00e3o - Onde deve ser? Em quais departamentos ou cidades voc\u00ea est\u00e1 interessado?<\/p><p>Dica:<br \/>Recomendamos que voc\u00ea n\u00e3o use muitos filtros ao mesmo tempo, pois isso naturalmente limita os resultados da pesquisa.<br \/>Mas se voc\u00ea sabe exatamente que quer uma casa em Assun\u00e7\u00e3o com pelo menos 4 dormit\u00f3rios, \u00e9 claro que tamb\u00e9m pode inserir isso.<\/p><p>Dicas de pesquisa<\/p><p>1. se voc\u00ea n\u00e3o selecionar nenhum filtro, todas as propriedades ser\u00e3o exibidas. Sejam casas, lotes de terra ou propriedades para aluguel.<\/p><p>PERGUNTAS FREQUENTES:<br \/>N\u00e3o estou obtendo nenhum resultado de pesquisa. <br \/>R: Tente selecionar menos filtros.<\/p><p>Ainda n\u00e3o estou obtendo nenhum resultado de pesquisa.<br \/>R: Experimente sem filtro<\/p>\t\t\t\t\t\t\t\t<\/div>\n\t\t\t\t<\/div>\n\t\t\t\t\t<\/div>\n\t\t\t\t<\/div>\n\t\t\t\t\t<\/div>\n\t\t\t\t<\/div>\n\t\t\t\t<\/div>","protected":false},"excerpt":{"rendered":"<p>Paraguay Immobilien bequem suchen und finden! Mit der komfortablen Immobilien-Suchmaske auf Grundstuecke-Paraguay.comLassen Sie sich nur die Grundst\u00fccke und H\u00e4user anzeigen, die f\u00fcr Sie in Frage kommen. Sortieren sie ganz einfach nach: Immobilienart &#8211; Suchen Sie Grundst\u00fccke, H\u00e4user, Wohnungen oder Ladenlokale? Status: Kaufen oder Mieten?Lage &#8211; Wo soll es sein? Welche Departamentos oder St\u00e4dte interessieren Sie? [&hellip;]<\/p>\n","protected":false},"author":1,"featured_media":0,"parent":0,"menu_order":0,"comment_status":"closed","ping_status":"closed","template":"template\/property-listings-map.php","meta":{"footnotes":""},"class_list":["post-44028","page","type-page","status-publish","hentry"],"_links":{"self":[{"href":"https:\/\/grundstuecke-paraguay.com\/pt\/wp-json\/wp\/v2\/pages\/44028","targetHints":{"allow":["GET"]}}],"collection":[{"href":"https:\/\/grundstuecke-paraguay.com\/pt\/wp-json\/wp\/v2\/pages"}],"about":[{"href":"https:\/\/grundstuecke-paraguay.com\/pt\/wp-json\/wp\/v2\/types\/page"}],"author":[{"embeddable":true,"href":"https:\/\/grundstuecke-paraguay.com\/pt\/wp-json\/wp\/v2\/users\/1"}],"replies":[{"embeddable":true,"href":"https:\/\/grundstuecke-paraguay.com\/pt\/wp-json\/wp\/v2\/comments?post=44028"}],"version-history":[{"count":0,"href":"https:\/\/grundstuecke-paraguay.com\/pt\/wp-json\/wp\/v2\/pages\/44028\/revisions"}],"wp:attachment":[{"href":"https:\/\/grundstuecke-paraguay.com\/pt\/wp-json\/wp\/v2\/media?parent=44028"}],"curies":[{"name":"wp","href":"https:\/\/api.w.org\/{rel}","templated":true}]}}