{"id":44028,"date":"2022-03-07T23:34:47","date_gmt":"2022-03-07T23:34:47","guid":{"rendered":"https:\/\/demo26.houzez.co\/?page_id=44028"},"modified":"2024-05-23T19:59:04","modified_gmt":"2024-05-23T23:59:04","slug":"eigendom-zoeken","status":"publish","type":"page","link":"https:\/\/grundstuecke-paraguay.com\/nl\/immobiliensuche\/","title":{"rendered":"Eigendom zoeken"},"content":{"rendered":"<div data-elementor-type=\"wp-page\" data-elementor-id=\"44028\" class=\"elementor elementor-44028\" data-elementor-post-type=\"page\">\n\t\t\t\t<div class=\"elementor-element elementor-element-d82f4d0 e-flex e-con-boxed e-con e-parent\" data-id=\"d82f4d0\" data-element_type=\"container\" data-e-type=\"container\">\n\t\t\t\t\t<div class=\"e-con-inner\">\n\t\t<div class=\"elementor-element elementor-element-3065616 e-flex e-con-boxed e-con e-child\" data-id=\"3065616\" data-element_type=\"container\" data-e-type=\"container\">\n\t\t\t\t\t<div class=\"e-con-inner\">\n\t\t\t\t<div class=\"elementor-element elementor-element-0765117 elementor-widget elementor-widget-heading\" data-id=\"0765117\" data-element_type=\"widget\" data-e-type=\"widget\" data-widget_type=\"heading.default\">\n\t\t\t\t<div class=\"elementor-widget-container\">\n\t\t\t\t\t<h1 class=\"elementor-heading-title elementor-size-default\">Zoek en vind gemakkelijk Paraguay onroerend goed!<\/h1>\t\t\t\t<\/div>\n\t\t\t\t<\/div>\n\t\t\t\t<div class=\"elementor-element elementor-element-d9eb248 elementor-widget elementor-widget-text-editor\" data-id=\"d9eb248\" data-element_type=\"widget\" data-e-type=\"widget\" data-widget_type=\"text-editor.default\">\n\t\t\t\t<div class=\"elementor-widget-container\">\n\t\t\t\t\t\t\t\t\t<p>Met het handige zoekmasker op Grundstuecke-Paraguay.com<br \/>Toon alleen de eigendommen en huizen die geschikt zijn voor jou.<\/p><p>Sorteer ze gewoon op:<\/p><p>Type eigendom - Zoeken <a href=\"\/nl\/?property_type=grundstueck\">Onroerend goed<\/a>, <a href=\"\/nl\/?property_type=haus\">Huizen<\/a>flats of winkels? <br \/>Status: Kopen of huren?<br \/>Locatie - Waar moet het zijn? In welke departementen of steden ben je ge\u00efnteresseerd?<\/p><p>Tip:<br \/>We raden je aan niet te veel filters tegelijk te gebruiken, omdat dit de zoekresultaten natuurlijk beperkt.<br \/>Maar als je precies weet dat je een huis in Asuncion wilt met minstens 4 slaapkamers, dan kun je dit natuurlijk ook invoeren.<\/p><p>Zoektips<\/p><p>1. Als u geen filters selecteert, worden alle eigendommen weergegeven. Of het nu gaat om huizen, percelen of huurwoningen.<\/p><p>FAQ:<br \/>Ik krijg geen zoekresultaten. <br \/>A: Probeer minder filters te selecteren.<\/p><p>Ik krijg nog steeds geen zoekresultaten.<br \/>A: Probeer het zonder filter<\/p>\t\t\t\t\t\t\t\t<\/div>\n\t\t\t\t<\/div>\n\t\t\t\t\t<\/div>\n\t\t\t\t<\/div>\n\t\t\t\t\t<\/div>\n\t\t\t\t<\/div>\n\t\t\t\t<\/div>","protected":false},"excerpt":{"rendered":"<p>Paraguay Immobilien bequem suchen und finden! Mit der komfortablen Immobilien-Suchmaske auf Grundstuecke-Paraguay.comLassen Sie sich nur die Grundst\u00fccke und H\u00e4user anzeigen, die f\u00fcr Sie in Frage kommen. Sortieren sie ganz einfach nach: Immobilienart &#8211; Suchen Sie Grundst\u00fccke, H\u00e4user, Wohnungen oder Ladenlokale? Status: Kaufen oder Mieten?Lage &#8211; Wo soll es sein? Welche Departamentos oder St\u00e4dte interessieren Sie? [&hellip;]<\/p>\n","protected":false},"author":1,"featured_media":0,"parent":0,"menu_order":0,"comment_status":"closed","ping_status":"closed","template":"template\/property-listings-map.php","meta":{"footnotes":""},"class_list":["post-44028","page","type-page","status-publish","hentry"],"_links":{"self":[{"href":"https:\/\/grundstuecke-paraguay.com\/nl\/wp-json\/wp\/v2\/pages\/44028","targetHints":{"allow":["GET"]}}],"collection":[{"href":"https:\/\/grundstuecke-paraguay.com\/nl\/wp-json\/wp\/v2\/pages"}],"about":[{"href":"https:\/\/grundstuecke-paraguay.com\/nl\/wp-json\/wp\/v2\/types\/page"}],"author":[{"embeddable":true,"href":"https:\/\/grundstuecke-paraguay.com\/nl\/wp-json\/wp\/v2\/users\/1"}],"replies":[{"embeddable":true,"href":"https:\/\/grundstuecke-paraguay.com\/nl\/wp-json\/wp\/v2\/comments?post=44028"}],"version-history":[{"count":0,"href":"https:\/\/grundstuecke-paraguay.com\/nl\/wp-json\/wp\/v2\/pages\/44028\/revisions"}],"wp:attachment":[{"href":"https:\/\/grundstuecke-paraguay.com\/nl\/wp-json\/wp\/v2\/media?parent=44028"}],"curies":[{"name":"wp","href":"https:\/\/api.w.org\/{rel}","templated":true}]}}