{"id":46593,"date":"2024-02-21T10:35:54","date_gmt":"2024-02-21T13:35:54","guid":{"rendered":"https:\/\/grundstuecke.mbm24.net\/?page_id=46593"},"modified":"2024-05-23T12:55:10","modified_gmt":"2024-05-23T16:55:10","slug":"mentions-legales","status":"publish","type":"page","link":"https:\/\/grundstuecke-paraguay.com\/fr\/impressum\/","title":{"rendered":"Mentions l\u00e9gales"},"content":{"rendered":"<h2 id=\"m46\">Fournisseur de services<\/h2>\n<p>Grundst\u00fccke-Paraguay.com, 11704 Ypacarai, Carretera Ypacarai-Aregua km 38.5, Elisabeth Freitag<\/p>\n<h2>&nbsp;<\/h2>\n<h2 id=\"m56\">Possibilit\u00e9s de contact<\/h2>\n<p>Adresse \u00e9lectronique : info@grundstuecke-paraguay.com T\u00e9l\u00e9phone : +595 984 076 796<\/p>\n<h2>&nbsp;<\/h2>\n<h2 id=\"m3589\">Services de m\u00e9dias audiovisuels<\/h2>\n<p>Autorit\u00e9 de r\u00e9gulation ou de surveillance comp\u00e9tente :<\/p>\n<p>Paraguay<\/p>\n<h2>&nbsp;<\/h2>\n<h2 id=\"m172\">M\u00e9dias sociaux et autres pr\u00e9sences en ligne<\/h2>\n<p>Ces mentions l\u00e9gales s'appliquent \u00e9galement aux pr\u00e9sences sur les m\u00e9dias sociaux et aux profils en ligne suivants :<\/p>\n<p><a href=\"http:\/\/t.me\/grundstuecke_paraguay_com\">Telegram<\/a><\/p>\n<p><a href=\"https:\/\/www.instagram.com\/terrenos_en_py\/\" target=\"_blank\" rel=\"noopener\">Instagram<\/a><\/p>\n<p><a href=\"https:\/\/www.youtube.com\/@Grundstuecke-Paraguay\" target=\"_blank\" rel=\"noopener\">Youtube<\/a><\/p>\n<p>Whatsapp<\/p>\n<p>Facebook<\/p>\n<p class=\"seal\"><a title=\"Texte juridique du Dr Schwenke - cliquer pour plus d&#039;informations.\" href=\"https:\/\/datenschutz-generator.de\/\" target=\"_blank\" rel=\"noopener noreferrer nofollow\">Cr\u00e9\u00e9 avec le g\u00e9n\u00e9rateur gratuit de protection des donn\u00e9es.de de Dr. Thomas Schwenke<\/a><\/p>","protected":false},"excerpt":{"rendered":"<p>Diensteanbieter Grundst&uuml;cke-Paraguay.com, 11704 Ypacarai, Carretera Ypacarai-Aregua km 38.5, Elisabeth Freitag &nbsp; Kontaktm&ouml;glichkeiten E-Mail-Adresse: info@grundstuecke-paraguay.com Telefon: +595 984 076 796 &nbsp; Audiovisuelle Mediendienste Zust&auml;ndige Regulierungs-, bzw. Aufsichtsbeh&ouml;rde: Paraguay &nbsp; Social Media und andere Onlinepr&auml;senzen Dieses Impressum gilt auch f&uuml;r die folgenden Social-Media-Pr&auml;senzen und Onlineprofile: Telegram Instagram Youtube Whatsapp Facebook Erstellt mit kostenlosem Datenschutz-Generator.de von Dr. Thomas [&hellip;]<\/p>\n","protected":false},"author":1,"featured_media":0,"parent":0,"menu_order":0,"comment_status":"closed","ping_status":"closed","template":"","meta":{"footnotes":""},"class_list":["post-46593","page","type-page","status-publish","hentry"],"_links":{"self":[{"href":"https:\/\/grundstuecke-paraguay.com\/fr\/wp-json\/wp\/v2\/pages\/46593","targetHints":{"allow":["GET"]}}],"collection":[{"href":"https:\/\/grundstuecke-paraguay.com\/fr\/wp-json\/wp\/v2\/pages"}],"about":[{"href":"https:\/\/grundstuecke-paraguay.com\/fr\/wp-json\/wp\/v2\/types\/page"}],"author":[{"embeddable":true,"href":"https:\/\/grundstuecke-paraguay.com\/fr\/wp-json\/wp\/v2\/users\/1"}],"replies":[{"embeddable":true,"href":"https:\/\/grundstuecke-paraguay.com\/fr\/wp-json\/wp\/v2\/comments?post=46593"}],"version-history":[{"count":0,"href":"https:\/\/grundstuecke-paraguay.com\/fr\/wp-json\/wp\/v2\/pages\/46593\/revisions"}],"wp:attachment":[{"href":"https:\/\/grundstuecke-paraguay.com\/fr\/wp-json\/wp\/v2\/media?parent=46593"}],"curies":[{"name":"wp","href":"https:\/\/api.w.org\/{rel}","templated":true}]}}