{"id":44028,"date":"2022-03-07T23:34:47","date_gmt":"2022-03-07T23:34:47","guid":{"rendered":"https:\/\/demo26.houzez.co\/?page_id=44028"},"modified":"2024-05-23T19:59:04","modified_gmt":"2024-05-23T23:59:04","slug":"recherche-de-biens-immobiliers","status":"publish","type":"page","link":"https:\/\/grundstuecke-paraguay.com\/fr\/immobiliensuche\/","title":{"rendered":"Recherche immobili\u00e8re"},"content":{"rendered":"<div data-elementor-type=\"wp-page\" data-elementor-id=\"44028\" class=\"elementor elementor-44028\" data-elementor-post-type=\"page\">\n\t\t\t\t<div class=\"elementor-element elementor-element-d82f4d0 e-flex e-con-boxed e-con e-parent\" data-id=\"d82f4d0\" data-element_type=\"container\" data-e-type=\"container\">\n\t\t\t\t\t<div class=\"e-con-inner\">\n\t\t<div class=\"elementor-element elementor-element-3065616 e-flex e-con-boxed e-con e-child\" data-id=\"3065616\" data-element_type=\"container\" data-e-type=\"container\">\n\t\t\t\t\t<div class=\"e-con-inner\">\n\t\t\t\t<div class=\"elementor-element elementor-element-0765117 elementor-widget elementor-widget-heading\" data-id=\"0765117\" data-element_type=\"widget\" data-e-type=\"widget\" data-widget_type=\"heading.default\">\n\t\t\t\t<div class=\"elementor-widget-container\">\n\t\t\t\t\t<h1 class=\"elementor-heading-title elementor-size-default\">Chercher et trouver facilement un bien immobilier au Paraguay !<\/h1>\t\t\t\t<\/div>\n\t\t\t\t<\/div>\n\t\t\t\t<div class=\"elementor-element elementor-element-d9eb248 elementor-widget elementor-widget-text-editor\" data-id=\"d9eb248\" data-element_type=\"widget\" data-e-type=\"widget\" data-widget_type=\"text-editor.default\">\n\t\t\t\t<div class=\"elementor-widget-container\">\n\t\t\t\t\t\t\t\t\t<p>Avec le confortable masque de recherche de biens immobiliers sur Grundstuecke-Paraguay.com<br \/>Ne laissez s'afficher que les terrains et les maisons qui vous int\u00e9ressent.<\/p><p>Triez facilement par :<\/p><p>Type de bien - Rechercher <a href=\"\/fr\/?property_type=grundstueck\">Terrains<\/a>, <a href=\"\/fr\/?property_type=haus\">Maisons<\/a>, des appartements ou des locaux commerciaux ? <br \/>Statut : acheter ou louer ?<br \/>Situation - O\u00f9 souhaitez-vous \u00eatre ? Quels sont les d\u00e9partements ou les villes qui vous int\u00e9ressent ?<\/p><p>Conseil<br \/>Nous recommandons de ne pas utiliser trop de filtres en m\u00eame temps, car cela limite naturellement les r\u00e9sultats de recherche.<br \/>Mais si vous savez que vous voulez une maison \u00e0 Asuncion avec au moins 4 chambres \u00e0 coucher, vous pouvez bien s\u00fbr la saisir.<\/p><p>Conseils pour la recherche<\/p><p>1. si vous ne s\u00e9lectionnez aucun filtre, tous les biens immobiliers sont affich\u00e9s. Qu'il s'agisse de maisons, de terrains ou de biens \u00e0 louer.<\/p><p>FAQ :<br \/>Je n'obtiens pas de r\u00e9sultats de recherche. <br \/>R : Essayez de s\u00e9lectionner moins de filtres.<\/p><p>Je n'obtiens toujours pas de r\u00e9sultats de recherche.<br \/>R : Essayez une fois sans filtre<\/p>\t\t\t\t\t\t\t\t<\/div>\n\t\t\t\t<\/div>\n\t\t\t\t\t<\/div>\n\t\t\t\t<\/div>\n\t\t\t\t\t<\/div>\n\t\t\t\t<\/div>\n\t\t\t\t<\/div>","protected":false},"excerpt":{"rendered":"<p>Paraguay Immobilien bequem suchen und finden! Mit der komfortablen Immobilien-Suchmaske auf Grundstuecke-Paraguay.comLassen Sie sich nur die Grundst\u00fccke und H\u00e4user anzeigen, die f\u00fcr Sie in Frage kommen. Sortieren sie ganz einfach nach: Immobilienart &#8211; Suchen Sie Grundst\u00fccke, H\u00e4user, Wohnungen oder Ladenlokale? Status: Kaufen oder Mieten?Lage &#8211; Wo soll es sein? Welche Departamentos oder St\u00e4dte interessieren Sie? [&hellip;]<\/p>\n","protected":false},"author":1,"featured_media":0,"parent":0,"menu_order":0,"comment_status":"closed","ping_status":"closed","template":"template\/property-listings-map.php","meta":{"footnotes":""},"class_list":["post-44028","page","type-page","status-publish","hentry"],"_links":{"self":[{"href":"https:\/\/grundstuecke-paraguay.com\/fr\/wp-json\/wp\/v2\/pages\/44028","targetHints":{"allow":["GET"]}}],"collection":[{"href":"https:\/\/grundstuecke-paraguay.com\/fr\/wp-json\/wp\/v2\/pages"}],"about":[{"href":"https:\/\/grundstuecke-paraguay.com\/fr\/wp-json\/wp\/v2\/types\/page"}],"author":[{"embeddable":true,"href":"https:\/\/grundstuecke-paraguay.com\/fr\/wp-json\/wp\/v2\/users\/1"}],"replies":[{"embeddable":true,"href":"https:\/\/grundstuecke-paraguay.com\/fr\/wp-json\/wp\/v2\/comments?post=44028"}],"version-history":[{"count":0,"href":"https:\/\/grundstuecke-paraguay.com\/fr\/wp-json\/wp\/v2\/pages\/44028\/revisions"}],"wp:attachment":[{"href":"https:\/\/grundstuecke-paraguay.com\/fr\/wp-json\/wp\/v2\/media?parent=44028"}],"curies":[{"name":"wp","href":"https:\/\/api.w.org\/{rel}","templated":true}]}}