{"id":46593,"date":"2024-02-21T10:35:54","date_gmt":"2024-02-21T13:35:54","guid":{"rendered":"https:\/\/grundstuecke.mbm24.net\/?page_id=46593"},"modified":"2024-05-23T12:55:10","modified_gmt":"2024-05-23T16:55:10","slug":"imprimir","status":"publish","type":"page","link":"https:\/\/grundstuecke-paraguay.com\/es\/impressum\/","title":{"rendered":"Pie de imprenta"},"content":{"rendered":"<h2 id=\"m46\">Proveedor de servicios<\/h2>\n<p>Land-Paraguay.com, 11704 Ypacarai, Carretera Ypacarai-Aregua km 38.5, Elisabeth Freitag<\/p>\n<h2>&nbsp;<\/h2>\n<h2 id=\"m56\">Opciones de contacto<\/h2>\n<p>Correo electr\u00f3nico: info@grundstuecke-paraguay.com Tel\u00e9fono: +595 984 076 796<\/p>\n<h2>&nbsp;<\/h2>\n<h2 id=\"m3589\">Servicios de medios audiovisuales<\/h2>\n<p>Autoridad reguladora y supervisora responsable:<\/p>\n<p>Paraguay<\/p>\n<h2>&nbsp;<\/h2>\n<h2 id=\"m172\">Redes sociales y otras presencias en l\u00ednea<\/h2>\n<p>Este aviso legal tambi\u00e9n se aplica a las siguientes presencias en redes sociales y perfiles en l\u00ednea:<\/p>\n<p><a href=\"http:\/\/t.me\/grundstuecke_paraguay_com\">Telegrama<\/a><\/p>\n<p><a href=\"https:\/\/www.instagram.com\/terrenos_en_py\/\" target=\"_blank\" rel=\"noopener\">Instagram<\/a><\/p>\n<p><a href=\"https:\/\/www.youtube.com\/@Grundstuecke-Paraguay\" target=\"_blank\" rel=\"noopener\">Youtube<\/a><\/p>\n<p>Whatsapp<\/p>\n<p>Facebook<\/p>\n<p class=\"seal\"><a title=\"Texto jur\u00eddico del Dr. Schwenke - haga clic para m\u00e1s informaci\u00f3n.\" href=\"https:\/\/datenschutz-generator.de\/\" target=\"_blank\" rel=\"noopener noreferrer nofollow\">Creado con Datenschutz-Generator.de gratuito por el Dr. Thomas Schwenke<\/a><\/p>","protected":false},"excerpt":{"rendered":"<p>Diensteanbieter Grundst&uuml;cke-Paraguay.com, 11704 Ypacarai, Carretera Ypacarai-Aregua km 38.5, Elisabeth Freitag &nbsp; Kontaktm&ouml;glichkeiten E-Mail-Adresse: info@grundstuecke-paraguay.com Telefon: +595 984 076 796 &nbsp; Audiovisuelle Mediendienste Zust&auml;ndige Regulierungs-, bzw. Aufsichtsbeh&ouml;rde: Paraguay &nbsp; Social Media und andere Onlinepr&auml;senzen Dieses Impressum gilt auch f&uuml;r die folgenden Social-Media-Pr&auml;senzen und Onlineprofile: Telegram Instagram Youtube Whatsapp Facebook Erstellt mit kostenlosem Datenschutz-Generator.de von Dr. Thomas [&hellip;]<\/p>\n","protected":false},"author":1,"featured_media":0,"parent":0,"menu_order":0,"comment_status":"closed","ping_status":"closed","template":"","meta":{"footnotes":""},"class_list":["post-46593","page","type-page","status-publish","hentry"],"_links":{"self":[{"href":"https:\/\/grundstuecke-paraguay.com\/es\/wp-json\/wp\/v2\/pages\/46593","targetHints":{"allow":["GET"]}}],"collection":[{"href":"https:\/\/grundstuecke-paraguay.com\/es\/wp-json\/wp\/v2\/pages"}],"about":[{"href":"https:\/\/grundstuecke-paraguay.com\/es\/wp-json\/wp\/v2\/types\/page"}],"author":[{"embeddable":true,"href":"https:\/\/grundstuecke-paraguay.com\/es\/wp-json\/wp\/v2\/users\/1"}],"replies":[{"embeddable":true,"href":"https:\/\/grundstuecke-paraguay.com\/es\/wp-json\/wp\/v2\/comments?post=46593"}],"version-history":[{"count":0,"href":"https:\/\/grundstuecke-paraguay.com\/es\/wp-json\/wp\/v2\/pages\/46593\/revisions"}],"wp:attachment":[{"href":"https:\/\/grundstuecke-paraguay.com\/es\/wp-json\/wp\/v2\/media?parent=46593"}],"curies":[{"name":"wp","href":"https:\/\/api.w.org\/{rel}","templated":true}]}}