{"id":44478,"date":"2022-05-26T19:45:36","date_gmt":"2022-05-26T19:45:36","guid":{"rendered":"https:\/\/demo26.houzez.co\/?page_id=44478"},"modified":"2025-11-07T20:25:55","modified_gmt":"2025-11-07T23:25:55","slug":"acerca-de-nosotros","status":"publish","type":"page","link":"https:\/\/grundstuecke-paraguay.com\/es\/ueber-uns\/","title":{"rendered":"Qui\u00e9nes somos"},"content":{"rendered":"\t\t<div data-elementor-type=\"wp-page\" data-elementor-id=\"44478\" class=\"elementor elementor-44478\" data-elementor-post-type=\"page\">\n\t\t\t\t\t\t<section class=\"elementor-section elementor-top-section elementor-element elementor-element-9f666cb elementor-reverse-mobile elementor-section-full_width elementor-section-height-default elementor-section-height-default elementor-invisible\" data-id=\"9f666cb\" data-element_type=\"section\" data-e-type=\"section\" data-settings=\"{&quot;background_background&quot;:&quot;gradient&quot;,&quot;animation&quot;:&quot;fadeIn&quot;}\">\n\t\t\t\t\t\t<div class=\"elementor-container elementor-column-gap-no\">\n\t\t\t\t\t<div class=\"elementor-column elementor-col-100 elementor-top-column elementor-element elementor-element-48fc078\" data-id=\"48fc078\" data-element_type=\"column\" data-e-type=\"column\">\n\t\t\t<div class=\"elementor-widget-wrap elementor-element-populated\">\n\t\t\t\t<div class=\"elementor-element elementor-element-d4a4c12 e-flex e-con-boxed e-con e-parent\" data-id=\"d4a4c12\" data-element_type=\"container\" data-e-type=\"container\" data-settings=\"{&quot;background_background&quot;:&quot;classic&quot;}\">\n\t\t\t\t\t<div class=\"e-con-inner\">\n\t\t<div class=\"elementor-element elementor-element-a47ea41 e-con-full e-flex e-con e-child\" data-id=\"a47ea41\" data-element_type=\"container\" data-e-type=\"container\">\n\t\t\t\t<\/div>\n\t\t\t\t\t<\/div>\n\t\t\t\t<\/div>\n\t\t\t\t<div class=\"elementor-element elementor-element-3dca205 animated-slow elementor-invisible elementor-widget elementor-widget-heading\" data-id=\"3dca205\" data-element_type=\"widget\" data-e-type=\"widget\" data-settings=\"{&quot;_animation&quot;:&quot;fadeIn&quot;}\" data-widget_type=\"heading.default\">\n\t\t\t\t<div class=\"elementor-widget-container\">\n\t\t\t\t\t<h1 class=\"elementor-heading-title elementor-size-default\">\u00dcber uns<\/h1>\t\t\t\t<\/div>\n\t\t\t\t<\/div>\n\t\t\t\t<div class=\"elementor-element elementor-element-6323919 animated-slow elementor-invisible elementor-widget elementor-widget-heading\" data-id=\"6323919\" data-element_type=\"widget\" data-e-type=\"widget\" data-settings=\"{&quot;_animation&quot;:&quot;fadeIn&quot;}\" data-widget_type=\"heading.default\">\n\t\t\t\t<div class=\"elementor-widget-container\">\n\t\t\t\t\t<div class=\"elementor-heading-title elementor-size-default\">Grundstuecke-Paraguay.com<\/div>\t\t\t\t<\/div>\n\t\t\t\t<\/div>\n\t\t<div class=\"elementor-element elementor-element-c28e56a e-flex e-con-boxed e-con e-parent\" data-id=\"c28e56a\" data-element_type=\"container\" data-e-type=\"container\" data-settings=\"{&quot;background_background&quot;:&quot;gradient&quot;}\">\n\t\t\t\t\t<div class=\"e-con-inner\">\n\t\t<div class=\"elementor-element elementor-element-56d409e e-flex e-con-boxed e-con e-child\" data-id=\"56d409e\" data-element_type=\"container\" data-e-type=\"container\" data-settings=\"{&quot;background_background&quot;:&quot;classic&quot;}\">\n\t\t\t\t\t<div class=\"e-con-inner\">\n\t\t\t\t<div class=\"elementor-element elementor-element-49525db elementor-widget-divider--view-line_icon elementor-view-default elementor-widget-divider--element-align-center elementor-widget elementor-widget-divider\" data-id=\"49525db\" data-element_type=\"widget\" data-e-type=\"widget\" data-widget_type=\"divider.default\">\n\t\t\t\t<div class=\"elementor-widget-container\">\n\t\t\t\t\t\t\t<div class=\"elementor-divider\">\n\t\t\t<span class=\"elementor-divider-separator\">\n\t\t\t\t\t\t\t<div class=\"elementor-icon elementor-divider__element\">\n\t\t\t\t\t<svg aria-hidden=\"true\" class=\"e-font-icon-svg e-fas-map-marker-alt\" viewBox=\"0 0 384 512\" xmlns=\"http:\/\/www.w3.org\/2000\/svg\"><path d=\"M172.268 501.67C26.97 291.031 0 269.413 0 192 0 85.961 85.961 0 192 0s192 85.961 192 192c0 77.413-26.97 99.031-172.268 309.67-9.535 13.774-29.93 13.773-39.464 0zM192 272c44.183 0 80-35.817 80-80s-35.817-80-80-80-80 35.817-80 80 35.817 80 80 80z\"><\/path><\/svg><\/div>\n\t\t\t\t\t\t<\/span>\n\t\t<\/div>\n\t\t\t\t\t\t<\/div>\n\t\t\t\t<\/div>\n\t\t\t\t\t<\/div>\n\t\t\t\t<\/div>\n\t\t\t\t\t<\/div>\n\t\t\t\t<\/div>\n\t\t\t\t\t<\/div>\n\t\t<\/div>\n\t\t\t\t\t<\/div>\n\t\t<\/section>\n\t\t<div class=\"elementor-element elementor-element-03ade44 e-flex e-con-boxed e-con e-parent\" data-id=\"03ade44\" data-element_type=\"container\" data-e-type=\"container\">\n\t\t\t\t\t<div class=\"e-con-inner\">\n\t\t\t\t<div class=\"elementor-element elementor-element-d95ceb0 elementor-widget elementor-widget-spacer\" data-id=\"d95ceb0\" data-element_type=\"widget\" data-e-type=\"widget\" data-widget_type=\"spacer.default\">\n\t\t\t\t<div class=\"elementor-widget-container\">\n\t\t\t\t\t\t\t<div class=\"elementor-spacer\">\n\t\t\t<div class=\"elementor-spacer-inner\"><\/div>\n\t\t<\/div>\n\t\t\t\t\t\t<\/div>\n\t\t\t\t<\/div>\n\t\t\t\t\t<\/div>\n\t\t\t\t<\/div>\n\t\t\t\t<section class=\"elementor-section elementor-top-section elementor-element elementor-element-41622806 elementor-section-boxed elementor-section-height-default elementor-section-height-default\" data-id=\"41622806\" data-element_type=\"section\" data-e-type=\"section\">\n\t\t\t\t\t\t<div class=\"elementor-container elementor-column-gap-default\">\n\t\t\t\t\t<div class=\"elementor-column elementor-col-100 elementor-top-column elementor-element elementor-element-38bcee52\" data-id=\"38bcee52\" data-element_type=\"column\" data-e-type=\"column\">\n\t\t\t<div class=\"elementor-widget-wrap elementor-element-populated\">\n\t\t\t\t\t\t<section class=\"elementor-section elementor-inner-section elementor-element elementor-element-13fadafd elementor-section-content-middle elementor-section-boxed elementor-section-height-default elementor-section-height-default\" data-id=\"13fadafd\" data-element_type=\"section\" data-e-type=\"section\">\n\t\t\t\t\t\t<div class=\"elementor-container elementor-column-gap-default\">\n\t\t\t\t\t<div class=\"elementor-column elementor-col-66 elementor-inner-column elementor-element elementor-element-413bb83a\" data-id=\"413bb83a\" data-element_type=\"column\" data-e-type=\"column\">\n\t\t\t<div class=\"elementor-widget-wrap elementor-element-populated\">\n\t\t\t\t\t\t<div class=\"elementor-element elementor-element-1ff8dbca elementor-widget elementor-widget-text-editor\" data-id=\"1ff8dbca\" data-element_type=\"widget\" data-e-type=\"widget\" data-widget_type=\"text-editor.default\">\n\t\t\t\t<div class=\"elementor-widget-container\">\n\t\t\t\t\t\t\t\t\t<p style=\"text-align: left;\" align=\"center\">\u201eWIR\u201c, das sind Matthias, Ever, Maik, Ren\u00e9, Fabiola, Mike, Denise und Maren.<\/p><p style=\"text-align: left;\" align=\"center\">\u201eWIR\u201c lieben Paraguay und sind in unterschiedlichen Regionen Paraguays zu Hause.<\/p><p style=\"text-align: left;\" align=\"center\">Aufgrund unserer anderen gesch\u00e4ftlichen T\u00e4tigkeiten bekommen wir h\u00e4ufig Anfragen von Kaufinteressenten sowie von Verk\u00e4ufern, die keine M\u00f6glichkeiten haben Ihre Grundst\u00fccke im Internet zu pr\u00e4sentieren.<\/p><p style=\"text-align: left;\" align=\"center\">Hier finden Sie auch Angebote von Maklern und Privatpersonen. Diese sind selbstverst\u00e4ndlich extra gekennzeichnet.<\/p><p style=\"text-align: left;\" align=\"center\">Die Verkaufsangebote laden wir auf dieser Internetpr\u00e4senz hoch und Sie haben dadurch die M\u00f6glichkeit immer aktuelle Grundst\u00fccke und H\u00e4user zu finden, die nicht von der \u201eStange\u201c bzw. sehr schwer zu finden sind.<\/p><p style=\"text-align: left;\" align=\"center\">Verk\u00e4ufer k\u00f6nnen Ihre Immobilie hier \u00fcber uns, oder direkt als Anzeige gegen eine Geb\u00fchr einpflegen lassen.<\/p>\t\t\t\t\t\t\t\t<\/div>\n\t\t\t\t<\/div>\n\t\t\t\t\t<\/div>\n\t\t<\/div>\n\t\t\t\t<div class=\"elementor-column elementor-col-33 elementor-inner-column elementor-element elementor-element-69a94947\" data-id=\"69a94947\" data-element_type=\"column\" data-e-type=\"column\">\n\t\t\t<div class=\"elementor-widget-wrap elementor-element-populated\">\n\t\t\t\t\t\t<div class=\"elementor-element elementor-element-ab1218e elementor-widget elementor-widget-image\" data-id=\"ab1218e\" data-element_type=\"widget\" data-e-type=\"widget\" data-widget_type=\"image.default\">\n\t\t\t\t<div class=\"elementor-widget-container\">\n\t\t\t\t\t\t\t\t\t\t\t\t\t\t\t<img decoding=\"async\" src=\"https:\/\/grundstuecke-paraguay.com\/wp-content\/uploads\/elementor\/thumbs\/grundstueck-kaufen-paraguay-redlpisi6euwkj06p57bleqa256w7qrg37udxkifk0.jpg\" title=\"Grundst\u00fcck kaufen in Paraguay. Da sind Sie bei uns genau richtig\" alt=\"Gl\u00fcckliche Klientenfamilie Grundst\u00fcck kaufen Paraguay\" loading=\"lazy\" \/>\t\t\t\t\t\t\t\t\t\t\t\t\t\t\t<\/div>\n\t\t\t\t<\/div>\n\t\t\t\t\t<\/div>\n\t\t<\/div>\n\t\t\t\t\t<\/div>\n\t\t<\/section>\n\t\t\t\t\t<\/div>\n\t\t<\/div>\n\t\t\t\t\t<\/div>\n\t\t<\/section>\n\t\t<div class=\"elementor-element elementor-element-00a301e e-flex e-con-boxed e-con e-parent\" data-id=\"00a301e\" data-element_type=\"container\" data-e-type=\"container\">\n\t\t\t\t\t<div class=\"e-con-inner\">\n\t\t\t\t<div class=\"elementor-element elementor-element-798b7d5 elementor-alert-success elementor-widget elementor-widget-alert\" data-id=\"798b7d5\" data-element_type=\"widget\" data-e-type=\"widget\" data-widget_type=\"alert.default\">\n\t\t\t\t<div class=\"elementor-widget-container\">\n\t\t\t\t\t\t\t<div class=\"elementor-alert\" role=\"alert\">\n\n\t\t\t\t\t\t<span class=\"elementor-alert-title\">Alle Grundst\u00fcckstitel werden bei Kaufinteresse noch einmal vom Notar oder Anwalt gepr\u00fcft, damit es keine b\u00f6sen \u00dcberraschungen gibt und nicht zwischen Angebotserstellung und Verkauf noch eine unvorhergesehene Eintragung im Grundbuch realisiert wurde.<\/span>\n\t\t\t\n\t\t\t\n\t\t\t\n\t\t<\/div>\n\t\t\t\t\t\t<\/div>\n\t\t\t\t<\/div>\n\t\t\t\t\t<\/div>\n\t\t\t\t<\/div>\n\t\t<div class=\"elementor-element elementor-element-88c8e95 e-flex e-con-boxed e-con e-parent\" data-id=\"88c8e95\" data-element_type=\"container\" data-e-type=\"container\">\n\t\t\t\t\t<div class=\"e-con-inner\">\n\t\t\t\t<div class=\"elementor-element elementor-element-87b743e elementor-widget elementor-widget-spacer\" data-id=\"87b743e\" data-element_type=\"widget\" data-e-type=\"widget\" data-widget_type=\"spacer.default\">\n\t\t\t\t<div class=\"elementor-widget-container\">\n\t\t\t\t\t\t\t<div class=\"elementor-spacer\">\n\t\t\t<div class=\"elementor-spacer-inner\"><\/div>\n\t\t<\/div>\n\t\t\t\t\t\t<\/div>\n\t\t\t\t<\/div>\n\t\t\t\t\t<\/div>\n\t\t\t\t<\/div>\n\t\t\t\t<section class=\"elementor-section elementor-top-section elementor-element elementor-element-69d9f93 elementor-section-boxed elementor-section-height-default elementor-section-height-default\" data-id=\"69d9f93\" data-element_type=\"section\" data-e-type=\"section\">\n\t\t\t\t\t\t<div class=\"elementor-container elementor-column-gap-default\">\n\t\t\t\t\t<div class=\"elementor-column elementor-col-100 elementor-top-column elementor-element elementor-element-4e6d418\" data-id=\"4e6d418\" data-element_type=\"column\" data-e-type=\"column\">\n\t\t\t<div class=\"elementor-widget-wrap elementor-element-populated\">\n\t\t\t\t\t\t<section class=\"elementor-section elementor-inner-section elementor-element elementor-element-cb1f81f elementor-section-content-middle elementor-section-boxed elementor-section-height-default elementor-section-height-default\" data-id=\"cb1f81f\" data-element_type=\"section\" data-e-type=\"section\">\n\t\t\t\t\t\t<div class=\"elementor-container elementor-column-gap-default\">\n\t\t\t\t\t<div class=\"elementor-column elementor-col-33 elementor-inner-column elementor-element elementor-element-41b2f10\" data-id=\"41b2f10\" data-element_type=\"column\" data-e-type=\"column\">\n\t\t\t<div class=\"elementor-widget-wrap elementor-element-populated\">\n\t\t\t\t\t\t<div class=\"elementor-element elementor-element-d1e0390 elementor-widget elementor-widget-image\" data-id=\"d1e0390\" data-element_type=\"widget\" data-e-type=\"widget\" data-widget_type=\"image.default\">\n\t\t\t\t<div class=\"elementor-widget-container\">\n\t\t\t\t\t\t\t\t\t\t\t\t\t\t\t<img fetchpriority=\"high\" decoding=\"async\" width=\"615\" height=\"537\" src=\"https:\/\/grundstuecke-paraguay.com\/wp-content\/uploads\/2024\/04\/gundstuecke-paraguay-immobilien-in-paraguay-sicher-fair.png\" class=\"attachment-full size-full wp-image-47175\" alt=\"Handschlag. Grundst\u00fccke und H\u00e4user in Paraguay kaufen. Sicher und fair\" srcset=\"https:\/\/grundstuecke-paraguay.com\/wp-content\/uploads\/2024\/04\/gundstuecke-paraguay-immobilien-in-paraguay-sicher-fair.png 615w, https:\/\/grundstuecke-paraguay.com\/wp-content\/uploads\/2024\/04\/gundstuecke-paraguay-immobilien-in-paraguay-sicher-fair-300x262.png 300w, https:\/\/grundstuecke-paraguay.com\/wp-content\/uploads\/2024\/04\/gundstuecke-paraguay-immobilien-in-paraguay-sicher-fair-496x433.png 496w\" sizes=\"(max-width: 615px) 100vw, 615px\" title=\"\">\t\t\t\t\t\t\t\t\t\t\t\t\t\t\t<\/div>\n\t\t\t\t<\/div>\n\t\t\t\t\t<\/div>\n\t\t<\/div>\n\t\t\t\t<div class=\"elementor-column elementor-col-66 elementor-inner-column elementor-element elementor-element-4069846\" data-id=\"4069846\" data-element_type=\"column\" data-e-type=\"column\">\n\t\t\t<div class=\"elementor-widget-wrap elementor-element-populated\">\n\t\t\t\t\t\t<div class=\"elementor-element elementor-element-f157c50 elementor-widget elementor-widget-text-editor\" data-id=\"f157c50\" data-element_type=\"widget\" data-e-type=\"widget\" data-widget_type=\"text-editor.default\">\n\t\t\t\t<div class=\"elementor-widget-container\">\n\t\t\t\t\t\t\t\t\t<p style=\"text-align: left;\" align=\"center\">\u201eWIR\u201c unterst\u00fctzen Sie individuell und nach Ihren Vorgaben bei der Suche Ihrer Traumimmobilie in ganz Paraguay<\/p><p style=\"text-align: left;\" align=\"center\">\u201eWIR\u201c finden auch f\u00fcr Sie, wenn Sie Ihr Grundst\u00fcck verkaufen wollen, den passenden K\u00e4ufer<\/p><p style=\"text-align: left;\" align=\"center\">\u201eWIR\u201carbeiten professionell, sind p\u00fcnktlich und bieten umfassenden und kompetenten Service<\/p><p style=\"text-align: left;\" align=\"center\">\u201eWIR\u201c sind erst zufrieden, wenn Sie es sind.<\/p><p style=\"text-align: left;\" align=\"center\">\u201eWIR\u201c stehen Ihnen vor und nach dem Kauf zur Seite, stellen auf Wunsch Kontakte mit deutschsprachigen Anw\u00e4lten, mit Notaren, mit paraguayischen Baufirmen, mit dem Strom- und dem Wasseranbieter uva her. Je nach Aufwand, gg. Geb\u00fchr.<\/p><p style=\"text-align: left;\" align=\"center\">\u201eWIR\u201c spenden direkt und nachweislich von unseren Provisionen Nahrungsmittel f\u00fcr Obdachlose<br>Kinder hier in Paraguay.<\/p>\t\t\t\t\t\t\t\t<\/div>\n\t\t\t\t<\/div>\n\t\t\t\t\t<\/div>\n\t\t<\/div>\n\t\t\t\t\t<\/div>\n\t\t<\/section>\n\t\t\t\t\t<\/div>\n\t\t<\/div>\n\t\t\t\t\t<\/div>\n\t\t<\/section>\n\t\t\t\t<section class=\"elementor-section elementor-top-section elementor-element elementor-element-383c502f elementor-section-boxed elementor-section-height-default elementor-section-height-default\" data-id=\"383c502f\" data-element_type=\"section\" data-e-type=\"section\" data-settings=\"{&quot;background_background&quot;:&quot;classic&quot;}\">\n\t\t\t\t\t\t<div class=\"elementor-container elementor-column-gap-default\">\n\t\t\t\t\t<div class=\"elementor-column elementor-col-100 elementor-top-column elementor-element elementor-element-728571b\" data-id=\"728571b\" data-element_type=\"column\" data-e-type=\"column\">\n\t\t\t<div class=\"elementor-widget-wrap elementor-element-populated\">\n\t\t\t\t\t\t<section class=\"elementor-section elementor-inner-section elementor-element elementor-element-27f0d011 elementor-section-full_width elementor-section-content-middle elementor-section-height-default elementor-section-height-default\" data-id=\"27f0d011\" data-element_type=\"section\" data-e-type=\"section\">\n\t\t\t\t\t\t<div class=\"elementor-container elementor-column-gap-default\">\n\t\t\t\t\t<div class=\"elementor-column elementor-col-50 elementor-inner-column elementor-element elementor-element-254587df\" data-id=\"254587df\" data-element_type=\"column\" data-e-type=\"column\">\n\t\t\t<div class=\"elementor-widget-wrap elementor-element-populated\">\n\t\t\t\t\t\t<div class=\"elementor-element elementor-element-3340b327 animated-slow elementor-invisible elementor-widget elementor-widget-heading\" data-id=\"3340b327\" data-element_type=\"widget\" data-e-type=\"widget\" data-settings=\"{&quot;_animation&quot;:&quot;fadeIn&quot;}\" data-widget_type=\"heading.default\">\n\t\t\t\t<div class=\"elementor-widget-container\">\n\t\t\t\t\t<h2 class=\"elementor-heading-title elementor-size-default\">Melden Sie sich f\u00fcr unseren Newsletter an<\/h2>\t\t\t\t<\/div>\n\t\t\t\t<\/div>\n\t\t\t\t<div class=\"elementor-element elementor-element-5769e014 animated-slow elementor-invisible elementor-widget elementor-widget-heading\" data-id=\"5769e014\" data-element_type=\"widget\" data-e-type=\"widget\" data-settings=\"{&quot;_animation&quot;:&quot;fadeIn&quot;}\" data-widget_type=\"heading.default\">\n\t\t\t\t<div class=\"elementor-widget-container\">\n\t\t\t\t\t<div class=\"elementor-heading-title elementor-size-default\">Bleiben Sie auf dem Laufenden mit den neuesten Updates<\/div>\t\t\t\t<\/div>\n\t\t\t\t<\/div>\n\t\t\t\t\t<\/div>\n\t\t<\/div>\n\t\t\t\t<div class=\"elementor-column elementor-col-50 elementor-inner-column elementor-element elementor-element-71bd6d2f\" data-id=\"71bd6d2f\" data-element_type=\"column\" data-e-type=\"column\">\n\t\t\t<div class=\"elementor-widget-wrap elementor-element-populated\">\n\t\t\t\t\t\t<div class=\"elementor-element elementor-element-63ecf2a9 elementor-button-align-stretch elementor-widget elementor-widget-form\" data-id=\"63ecf2a9\" data-element_type=\"widget\" data-e-type=\"widget\" data-settings=\"{&quot;button_width&quot;:&quot;20&quot;,&quot;step_next_label&quot;:&quot;Next&quot;,&quot;step_previous_label&quot;:&quot;Previous&quot;,&quot;step_type&quot;:&quot;none&quot;,&quot;step_icon_shape&quot;:&quot;circle&quot;}\" data-widget_type=\"form.default\">\n\t\t\t\t<div class=\"elementor-widget-container\">\n\t\t\t\t\t\t\t<form class=\"elementor-form\" method=\"post\" id=\"emailform_3\" name=\"\u00fcber-uns\" aria-label=\"\u00fcber-uns\">\n\t\t\t<input type=\"hidden\" name=\"post_id\" value=\"44478\"\/>\n\t\t\t<input type=\"hidden\" name=\"form_id\" value=\"63ecf2a9\"\/>\n\t\t\t<input type=\"hidden\" name=\"referer_title\" value=\"\u00dcber uns - Grundstuecke-Paraguay.com\" \/>\n\n\t\t\t\t\t\t\t<input type=\"hidden\" name=\"queried_id\" value=\"44478\"\/>\n\t\t\t\n\t\t\t<div class=\"elementor-form-fields-wrapper elementor-labels-\">\n\t\t\t\t\t\t\t\t<div class=\"elementor-field-type-email elementor-field-group elementor-column elementor-field-group-email elementor-col-80 elementor-field-required\">\n\t\t\t\t\t\t\t\t\t\t\t\t<label for=\"form-field-email\" class=\"elementor-field-label elementor-screen-only\">\n\t\t\t\t\t\t\t\tEmail\t\t\t\t\t\t\t<\/label>\n\t\t\t\t\t\t\t\t\t\t\t\t\t\t<input size=\"1\" type=\"email\" name=\"form_fields[email]\" id=\"form-field-email\" class=\"elementor-field elementor-size-lg  elementor-field-textual\" placeholder=\"Email\" required=\"required\">\n\t\t\t\t\t\t\t\t\t\t\t<\/div>\n\t\t\t\t\t\t\t\t<div class=\"elementor-field-group elementor-column elementor-field-type-submit elementor-col-20 e-form__buttons\">\n\t\t\t\t\t<button class=\"elementor-button elementor-size-lg\" type=\"submit\">\n\t\t\t\t\t\t<span class=\"elementor-button-content-wrapper\">\n\t\t\t\t\t\t\t\t\t\t\t\t\t\t\t\t\t\t\t\t\t\t<span class=\"elementor-button-text\">SENDEN<\/span>\n\t\t\t\t\t\t\t\t\t\t\t\t\t<\/span>\n\t\t\t\t\t<\/button>\n\t\t\t\t<\/div>\n\t\t\t<\/div>\n\t\t<\/form>\n\t\t\t\t\t\t<\/div>\n\t\t\t\t<\/div>\n\t\t\t\t\t<\/div>\n\t\t<\/div>\n\t\t\t\t\t<\/div>\n\t\t<\/section>\n\t\t\t\t\t<\/div>\n\t\t<\/div>\n\t\t\t\t\t<\/div>\n\t\t<\/section>\n\t\t\t\t<\/div>\n\t\t","protected":false},"excerpt":{"rendered":"<p>\u00dcber uns Grundstuecke-Paraguay.com \u201eWIR\u201c, das sind Matthias, Ever, Maik, Ren\u00e9, Fabiola, Mike, Denise und Maren. \u201eWIR\u201c lieben Paraguay und sind in unterschiedlichen Regionen Paraguays zu Hause. Aufgrund unserer anderen gesch\u00e4ftlichen T\u00e4tigkeiten bekommen wir h\u00e4ufig Anfragen von Kaufinteressenten sowie von Verk\u00e4ufern, die keine M\u00f6glichkeiten haben Ihre Grundst\u00fccke im Internet zu pr\u00e4sentieren. Hier finden Sie auch Angebote [&hellip;]<\/p>\n","protected":false},"author":1,"featured_media":0,"parent":0,"menu_order":0,"comment_status":"closed","ping_status":"closed","template":"elementor_header_footer","meta":{"footnotes":""},"class_list":["post-44478","page","type-page","status-publish","hentry"],"_links":{"self":[{"href":"https:\/\/grundstuecke-paraguay.com\/es\/wp-json\/wp\/v2\/pages\/44478","targetHints":{"allow":["GET"]}}],"collection":[{"href":"https:\/\/grundstuecke-paraguay.com\/es\/wp-json\/wp\/v2\/pages"}],"about":[{"href":"https:\/\/grundstuecke-paraguay.com\/es\/wp-json\/wp\/v2\/types\/page"}],"author":[{"embeddable":true,"href":"https:\/\/grundstuecke-paraguay.com\/es\/wp-json\/wp\/v2\/users\/1"}],"replies":[{"embeddable":true,"href":"https:\/\/grundstuecke-paraguay.com\/es\/wp-json\/wp\/v2\/comments?post=44478"}],"version-history":[{"count":6,"href":"https:\/\/grundstuecke-paraguay.com\/es\/wp-json\/wp\/v2\/pages\/44478\/revisions"}],"predecessor-version":[{"id":49852,"href":"https:\/\/grundstuecke-paraguay.com\/es\/wp-json\/wp\/v2\/pages\/44478\/revisions\/49852"}],"wp:attachment":[{"href":"https:\/\/grundstuecke-paraguay.com\/es\/wp-json\/wp\/v2\/media?parent=44478"}],"curies":[{"name":"wp","href":"https:\/\/api.w.org\/{rel}","templated":true}]}}