{"id":44028,"date":"2022-03-07T23:34:47","date_gmt":"2022-03-07T23:34:47","guid":{"rendered":"https:\/\/demo26.houzez.co\/?page_id=44028"},"modified":"2024-05-23T19:59:04","modified_gmt":"2024-05-23T23:59:04","slug":"busqueda-de-propiedades","status":"publish","type":"page","link":"https:\/\/grundstuecke-paraguay.com\/es\/immobiliensuche\/","title":{"rendered":"B\u00fasqueda de propiedades"},"content":{"rendered":"<div data-elementor-type=\"wp-page\" data-elementor-id=\"44028\" class=\"elementor elementor-44028\" data-elementor-post-type=\"page\">\n\t\t\t\t<div class=\"elementor-element elementor-element-d82f4d0 e-flex e-con-boxed e-con e-parent\" data-id=\"d82f4d0\" data-element_type=\"container\" data-e-type=\"container\">\n\t\t\t\t\t<div class=\"e-con-inner\">\n\t\t<div class=\"elementor-element elementor-element-3065616 e-flex e-con-boxed e-con e-child\" data-id=\"3065616\" data-element_type=\"container\" data-e-type=\"container\">\n\t\t\t\t\t<div class=\"e-con-inner\">\n\t\t\t\t<div class=\"elementor-element elementor-element-0765117 elementor-widget elementor-widget-heading\" data-id=\"0765117\" data-element_type=\"widget\" data-e-type=\"widget\" data-widget_type=\"heading.default\">\n\t\t\t\t<div class=\"elementor-widget-container\">\n\t\t\t\t\t<h1 class=\"elementor-heading-title elementor-size-default\">\u00a1Buscar y encontrar propiedades en Paraguay f\u00e1cilmente!<\/h1>\t\t\t\t<\/div>\n\t\t\t\t<\/div>\n\t\t\t\t<div class=\"elementor-element elementor-element-d9eb248 elementor-widget elementor-widget-text-editor\" data-id=\"d9eb248\" data-element_type=\"widget\" data-e-type=\"widget\" data-widget_type=\"text-editor.default\">\n\t\t\t\t<div class=\"elementor-widget-container\">\n\t\t\t\t\t\t\t\t\t<p>Con la c\u00f3moda m\u00e1scara de b\u00fasqueda de propiedades en Grundstuecke-Paraguay.com<br \/>S\u00f3lo se muestran las propiedades y casas que son adecuadas para usted.<\/p><p>Basta con ordenarlos por:<\/p><p>Tipo de propiedad - B\u00fasqueda <a href=\"\/es\/?property_type=grundstueck\">Inmobiliario<\/a>, <a href=\"\/es\/?property_type=haus\">Casas<\/a>\u00bfpisos o tiendas? <br \/>Situaci\u00f3n: \u00bfCompra o alquiler?<br \/>Ubicaci\u00f3n - \u00bfD\u00f3nde deber\u00eda estar? \u00bfEn qu\u00e9 departamentos o ciudades est\u00e1 interesado?<\/p><p>Consejo:<br \/>Le recomendamos que no utilice demasiados filtros al mismo tiempo, ya que esto limita naturalmente los resultados de la b\u00fasqueda.<br \/>Pero si usted sabe exactamente que usted quiere una casa en Asunci\u00f3n con al menos 4 dormitorios, por supuesto, tambi\u00e9n puede entrar en esto.<\/p><p>Consejos de b\u00fasqueda<\/p><p>1. si no selecciona ning\u00fan filtro, se mostrar\u00e1n todas las propiedades. Ya sean casas, parcelas o propiedades en alquiler.<\/p><p>PREGUNTAS FRECUENTES:<br \/>No obtengo ning\u00fan resultado de b\u00fasqueda. <br \/>R: Intente seleccionar menos filtros.<\/p><p>Sigo sin obtener resultados de b\u00fasqueda.<br \/>R: Pru\u00e9balo sin filtro<\/p>\t\t\t\t\t\t\t\t<\/div>\n\t\t\t\t<\/div>\n\t\t\t\t\t<\/div>\n\t\t\t\t<\/div>\n\t\t\t\t\t<\/div>\n\t\t\t\t<\/div>\n\t\t\t\t<\/div>","protected":false},"excerpt":{"rendered":"<p>Paraguay Immobilien bequem suchen und finden! Mit der komfortablen Immobilien-Suchmaske auf Grundstuecke-Paraguay.comLassen Sie sich nur die Grundst\u00fccke und H\u00e4user anzeigen, die f\u00fcr Sie in Frage kommen. Sortieren sie ganz einfach nach: Immobilienart &#8211; Suchen Sie Grundst\u00fccke, H\u00e4user, Wohnungen oder Ladenlokale? Status: Kaufen oder Mieten?Lage &#8211; Wo soll es sein? Welche Departamentos oder St\u00e4dte interessieren Sie? [&hellip;]<\/p>\n","protected":false},"author":1,"featured_media":0,"parent":0,"menu_order":0,"comment_status":"closed","ping_status":"closed","template":"template\/property-listings-map.php","meta":{"footnotes":""},"class_list":["post-44028","page","type-page","status-publish","hentry"],"_links":{"self":[{"href":"https:\/\/grundstuecke-paraguay.com\/es\/wp-json\/wp\/v2\/pages\/44028","targetHints":{"allow":["GET"]}}],"collection":[{"href":"https:\/\/grundstuecke-paraguay.com\/es\/wp-json\/wp\/v2\/pages"}],"about":[{"href":"https:\/\/grundstuecke-paraguay.com\/es\/wp-json\/wp\/v2\/types\/page"}],"author":[{"embeddable":true,"href":"https:\/\/grundstuecke-paraguay.com\/es\/wp-json\/wp\/v2\/users\/1"}],"replies":[{"embeddable":true,"href":"https:\/\/grundstuecke-paraguay.com\/es\/wp-json\/wp\/v2\/comments?post=44028"}],"version-history":[{"count":0,"href":"https:\/\/grundstuecke-paraguay.com\/es\/wp-json\/wp\/v2\/pages\/44028\/revisions"}],"wp:attachment":[{"href":"https:\/\/grundstuecke-paraguay.com\/es\/wp-json\/wp\/v2\/media?parent=44028"}],"curies":[{"name":"wp","href":"https:\/\/api.w.org\/{rel}","templated":true}]}}