{"id":46008,"date":"2024-01-21T12:24:24","date_gmt":"2024-01-21T15:24:24","guid":{"rendered":"https:\/\/grundstuecke.mbm24.net\/?page_id=46008"},"modified":"2025-11-07T20:53:12","modified_gmt":"2025-11-07T23:53:12","slug":"faq-real-estate-paraguay-buy-sell","status":"publish","type":"page","link":"https:\/\/grundstuecke-paraguay.com\/en\/faq-immobilien-paraguay-kaufen-verkaufen\/","title":{"rendered":"Frequently asked questions (FAQ) about buying and selling real estate in Paraguay"},"content":{"rendered":"\t\t<div data-elementor-type=\"wp-page\" data-elementor-id=\"46008\" class=\"elementor elementor-46008\" data-elementor-post-type=\"page\">\n\t\t\t\t\t\t<section class=\"elementor-section elementor-top-section elementor-element elementor-element-581bb991 elementor-section-full_width elementor-section-content-bottom elementor-section-height-default elementor-section-height-default\" data-id=\"581bb991\" data-element_type=\"section\" data-e-type=\"section\" data-settings=\"{&quot;background_background&quot;:&quot;classic&quot;,&quot;animation&quot;:&quot;none&quot;}\">\n\t\t\t\t\t\t<div class=\"elementor-container elementor-column-gap-no\">\n\t\t\t\t\t<div class=\"elementor-column elementor-col-50 elementor-top-column elementor-element elementor-element-298908ea animated-slow elementor-invisible\" data-id=\"298908ea\" data-element_type=\"column\" data-e-type=\"column\" data-settings=\"{&quot;background_background&quot;:&quot;classic&quot;,&quot;animation&quot;:&quot;fadeIn&quot;}\">\n\t\t\t<div class=\"elementor-widget-wrap elementor-element-populated\">\n\t\t\t\t\t\t<div class=\"elementor-element elementor-element-6dd1b432 elementor-widget elementor-widget-spacer\" data-id=\"6dd1b432\" data-element_type=\"widget\" data-e-type=\"widget\" data-widget_type=\"spacer.default\">\n\t\t\t\t<div class=\"elementor-widget-container\">\n\t\t\t\t\t\t\t<div class=\"elementor-spacer\">\n\t\t\t<div class=\"elementor-spacer-inner\"><\/div>\n\t\t<\/div>\n\t\t\t\t\t\t<\/div>\n\t\t\t\t<\/div>\n\t\t\t\t\t<\/div>\n\t\t<\/div>\n\t\t\t\t<div class=\"elementor-column elementor-col-50 elementor-top-column elementor-element elementor-element-688abed\" data-id=\"688abed\" data-element_type=\"column\" data-e-type=\"column\">\n\t\t\t<div class=\"elementor-widget-wrap elementor-element-populated\">\n\t\t\t\t\t\t<div class=\"elementor-element elementor-element-7657e0aa elementor-widget elementor-widget-spacer\" data-id=\"7657e0aa\" data-element_type=\"widget\" data-e-type=\"widget\" data-widget_type=\"spacer.default\">\n\t\t\t\t<div class=\"elementor-widget-container\">\n\t\t\t\t\t\t\t<div class=\"elementor-spacer\">\n\t\t\t<div class=\"elementor-spacer-inner\"><\/div>\n\t\t<\/div>\n\t\t\t\t\t\t<\/div>\n\t\t\t\t<\/div>\n\t\t\t\t<section class=\"elementor-section elementor-inner-section elementor-element elementor-element-549c3ca6 elementor-section-full_width elementor-section-height-default elementor-section-height-default elementor-invisible\" data-id=\"549c3ca6\" data-element_type=\"section\" data-e-type=\"section\" data-settings=\"{&quot;background_background&quot;:&quot;classic&quot;,&quot;animation&quot;:&quot;fadeInRight&quot;}\">\n\t\t\t\t\t\t<div class=\"elementor-container elementor-column-gap-no\">\n\t\t\t\t\t<div class=\"elementor-column elementor-col-100 elementor-inner-column elementor-element elementor-element-a1d5eec\" data-id=\"a1d5eec\" data-element_type=\"column\" data-e-type=\"column\" data-settings=\"{&quot;background_background&quot;:&quot;classic&quot;}\">\n\t\t\t<div class=\"elementor-widget-wrap elementor-element-populated\">\n\t\t\t\t\t\t<div class=\"elementor-element elementor-element-1a9e0c50 elementor-widget elementor-widget-houzez_elementor_section_title\" data-id=\"1a9e0c50\" data-element_type=\"widget\" data-e-type=\"widget\" data-widget_type=\"houzez_elementor_section_title.default\">\n\t\t\t\t<div class=\"elementor-widget-container\">\n\t\t\t\t\t            <div class=\"houzez_section_title_wrap section-title-module\">\n                                    <h2 class=\"houzez_section_title\">Haben sie noch eine Frage zum Immobilienkauf in Paraguay?<\/h2>\n                \n                                    <p class=\"houzez_section_subtitle\">Eine Immobilie kaufen oder verkaufen in Paraguay? Wer das noch nie gemacht hat, der hat bestimmt so einige Fragen. <\/p>\n                            <\/div>\n            \t\t\t\t<\/div>\n\t\t\t\t<\/div>\n\t\t\t\t<div class=\"elementor-element elementor-element-7c49ab5 elementor-mobile-align-center elementor-hidden-desktop elementor-hidden-tablet elementor-hidden-mobile elementor-widget elementor-widget-button\" data-id=\"7c49ab5\" data-element_type=\"widget\" data-e-type=\"widget\" data-widget_type=\"button.default\">\n\t\t\t\t<div class=\"elementor-widget-container\">\n\t\t\t\t\t\t\t\t\t<div class=\"elementor-button-wrapper\">\n\t\t\t\t\t<a class=\"elementor-button elementor-button-link elementor-size-lg\" href=\"#\">\n\t\t\t\t\t\t<span class=\"elementor-button-content-wrapper\">\n\t\t\t\t\t\t\t\t\t<span class=\"elementor-button-text\">Request our brochure<\/span>\n\t\t\t\t\t<\/span>\n\t\t\t\t\t<\/a>\n\t\t\t\t<\/div>\n\t\t\t\t\t\t\t\t<\/div>\n\t\t\t\t<\/div>\n\t\t\t\t\t<\/div>\n\t\t<\/div>\n\t\t\t\t\t<\/div>\n\t\t<\/section>\n\t\t\t\t\t<\/div>\n\t\t<\/div>\n\t\t\t\t\t<\/div>\n\t\t<\/section>\n\t\t<div class=\"elementor-element elementor-element-8f9d098 e-flex e-con-boxed e-con e-parent\" data-id=\"8f9d098\" data-element_type=\"container\" data-e-type=\"container\">\n\t\t\t\t\t<div class=\"e-con-inner\">\n\t\t\t\t<div class=\"elementor-element elementor-element-f7ee754 elementor-widget elementor-widget-spacer\" data-id=\"f7ee754\" data-element_type=\"widget\" data-e-type=\"widget\" data-widget_type=\"spacer.default\">\n\t\t\t\t<div class=\"elementor-widget-container\">\n\t\t\t\t\t\t\t<div class=\"elementor-spacer\">\n\t\t\t<div class=\"elementor-spacer-inner\"><\/div>\n\t\t<\/div>\n\t\t\t\t\t\t<\/div>\n\t\t\t\t<\/div>\n\t\t\t\t<div class=\"elementor-element elementor-element-9f940ac elementor-widget elementor-widget-heading\" data-id=\"9f940ac\" data-element_type=\"widget\" data-e-type=\"widget\" data-widget_type=\"heading.default\">\n\t\t\t\t<div class=\"elementor-widget-container\">\n\t\t\t\t\t<h1 class=\"elementor-heading-title elementor-size-default\">FAQ: H\u00e4ufig gestellte Fragen zum Verkauf einer Immobilie in Paraguay<\/h1>\t\t\t\t<\/div>\n\t\t\t\t<\/div>\n\t\t\t\t\t<\/div>\n\t\t\t\t<\/div>\n\t\t<div class=\"elementor-element elementor-element-a80d54d e-flex e-con-boxed e-con e-parent\" data-id=\"a80d54d\" data-element_type=\"container\" data-e-type=\"container\">\n\t\t\t\t\t<div class=\"e-con-inner\">\n\t\t\t\t<div class=\"elementor-element elementor-element-c9a3f50 elementor-widget elementor-widget-toggle\" data-id=\"c9a3f50\" data-element_type=\"widget\" data-e-type=\"widget\" data-widget_type=\"toggle.default\">\n\t\t\t\t<div class=\"elementor-widget-container\">\n\t\t\t\t\t\t\t<div class=\"elementor-toggle\">\n\t\t\t\t\t\t\t<div class=\"elementor-toggle-item\">\n\t\t\t\t\t<div id=\"elementor-tab-title-2111\" class=\"elementor-tab-title\" data-tab=\"1\" role=\"button\" aria-controls=\"elementor-tab-content-2111\" aria-expanded=\"false\">\n\t\t\t\t\t\t\t\t\t\t\t\t<span class=\"elementor-toggle-icon elementor-toggle-icon-left\" aria-hidden=\"true\">\n\t\t\t\t\t\t\t\t\t\t\t\t\t\t\t<span class=\"elementor-toggle-icon-closed\"><svg class=\"e-font-icon-svg e-fas-caret-right\" viewBox=\"0 0 192 512\" xmlns=\"http:\/\/www.w3.org\/2000\/svg\"><path d=\"M0 384.662V127.338c0-17.818 21.543-26.741 34.142-14.142l128.662 128.662c7.81 7.81 7.81 20.474 0 28.284L34.142 398.804C21.543 411.404 0 402.48 0 384.662z\"><\/path><\/svg><\/span>\n\t\t\t\t\t\t\t\t<span class=\"elementor-toggle-icon-opened\"><svg class=\"elementor-toggle-icon-opened e-font-icon-svg e-fas-caret-up\" viewBox=\"0 0 320 512\" xmlns=\"http:\/\/www.w3.org\/2000\/svg\"><path d=\"M288.662 352H31.338c-17.818 0-26.741-21.543-14.142-34.142l128.662-128.662c7.81-7.81 20.474-7.81 28.284 0l128.662 128.662c12.6 12.599 3.676 34.142-14.142 34.142z\"><\/path><\/svg><\/span>\n\t\t\t\t\t\t\t\t\t\t\t\t\t<\/span>\n\t\t\t\t\t\t\t\t\t\t\t\t<a class=\"elementor-toggle-title\" tabindex=\"0\">Was kostet ein Hektar Land in Paraguay?<\/a>\n\t\t\t\t\t<\/div>\n\n\t\t\t\t\t<div id=\"elementor-tab-content-2111\" class=\"elementor-tab-content elementor-clearfix\" data-tab=\"1\" role=\"region\" aria-labelledby=\"elementor-tab-title-2111\"><p><span style=\"color: #000000;\"><span style=\"font-family: Liberation Sans, serif;\"><span style=\"font-size: large;\">Diese Frage h\u00f6ren wir immer wieder. Die kurze Antwort darauf ist; es kommt immer ganz darauf an. Die Kosten f\u00fcr einen Hektar Land in Paraguay k\u00f6nnen aufgrund verschiedener Faktoren erheblich variieren. Zum einen ist nat\u00fcrlich die Lage und die Region ausschlaggebend. Des Weiteren k\u00f6nnen die Nutzung (landwirtschaftlich oder zu Wohnzwecken) und die N\u00e4he zu Annehmlichkeiten oder Infrastruktur den Preis stark beeinflussen. Auch sind gro\u00dfe Grundst\u00fccke (20 oder 50 Hektar +) normalerweise im Verh\u00e4ltnis g\u00fcnstiger als kleinere. Sie sehen also, man kann diese Frage nicht pauschal beantworten. 1 Hektar Land kann 1000 \u20ac kosten, er kann aber auch 200.000 \u20ac oder mehr kosten.<\/span><\/span><\/span><\/p><\/div>\n\t\t\t\t<\/div>\n\t\t\t\t\t\t\t<div class=\"elementor-toggle-item\">\n\t\t\t\t\t<div id=\"elementor-tab-title-2112\" class=\"elementor-tab-title\" data-tab=\"2\" role=\"button\" aria-controls=\"elementor-tab-content-2112\" aria-expanded=\"false\">\n\t\t\t\t\t\t\t\t\t\t\t\t<span class=\"elementor-toggle-icon elementor-toggle-icon-left\" aria-hidden=\"true\">\n\t\t\t\t\t\t\t\t\t\t\t\t\t\t\t<span class=\"elementor-toggle-icon-closed\"><svg class=\"e-font-icon-svg e-fas-caret-right\" viewBox=\"0 0 192 512\" xmlns=\"http:\/\/www.w3.org\/2000\/svg\"><path d=\"M0 384.662V127.338c0-17.818 21.543-26.741 34.142-14.142l128.662 128.662c7.81 7.81 7.81 20.474 0 28.284L34.142 398.804C21.543 411.404 0 402.48 0 384.662z\"><\/path><\/svg><\/span>\n\t\t\t\t\t\t\t\t<span class=\"elementor-toggle-icon-opened\"><svg class=\"elementor-toggle-icon-opened e-font-icon-svg e-fas-caret-up\" viewBox=\"0 0 320 512\" xmlns=\"http:\/\/www.w3.org\/2000\/svg\"><path d=\"M288.662 352H31.338c-17.818 0-26.741-21.543-14.142-34.142l128.662-128.662c7.81-7.81 20.474-7.81 28.284 0l128.662 128.662c12.6 12.599 3.676 34.142-14.142 34.142z\"><\/path><\/svg><\/span>\n\t\t\t\t\t\t\t\t\t\t\t\t\t<\/span>\n\t\t\t\t\t\t\t\t\t\t\t\t<a class=\"elementor-toggle-title\" tabindex=\"0\">K\u00f6nnen Sie meine Immobilie f\u00fcr mich verkaufen \/vermieten?<\/a>\n\t\t\t\t\t<\/div>\n\n\t\t\t\t\t<div id=\"elementor-tab-content-2112\" class=\"elementor-tab-content elementor-clearfix\" data-tab=\"2\" role=\"region\" aria-labelledby=\"elementor-tab-title-2112\"><p><span style=\"color: #000000;\"><span style=\"font-family: Liberation Sans, serif;\"><span style=\"font-size: large;\">Ja, wir <\/span><\/span><\/span><span style=\"color: #000000;\"><span style=\"font-family: Liberation Sans, serif;\"><span style=\"font-size: large;\">helfen<\/span><\/span><\/span><span style=\"color: #000000;\"><span style=\"font-family: Liberation Sans, serif;\"><span style=\"font-size: large;\"> Ihnen gerne, Ihre Immobilie <\/span><\/span><\/span><span style=\"color: #000000;\"><span style=\"font-family: Liberation Sans, serif;\"><span style=\"font-size: large;\">in Paraguay <\/span><\/span><\/span><span style=\"color: #000000;\"><span style=\"font-family: Liberation Sans, serif;\"><span style=\"font-size: large;\">zu verkaufen und\/oder zu vermieten. Dazu ben\u00f6tigen wir am besten so viele gute Informationen zu Ihrem Objekt wie m\u00f6glich, sodass wir es sp\u00e4ter den Interessenten so attraktiv wie m\u00f6glich pr\u00e4sentieren k\u00f6nnen. <\/span><\/span><\/span><span style=\"color: #000000;\"><span style=\"font-family: Liberation Sans, serif;\"><span style=\"font-size: large;\">Wenn Sie schon gute Fotos oder sogar Videos haben, umso besser. Aber falls nicht, k<\/span><\/span><\/span><span style=\"color: #000000;\"><span style=\"font-family: Liberation Sans, serif;\"><span style=\"font-size: large;\">\u00fcmmern wir uns einfach selbst darum<\/span><\/span><\/span><span style=\"color: #000000;\"><span style=\"font-family: Liberation Sans, serif;\"><span style=\"font-size: large;\">. <\/span><\/span><\/span><span style=\"color: #000000;\"><span style=\"font-family: Liberation Sans, serif;\"><span style=\"font-size: large;\">Unser Ziel ist es, den Verkauf f\u00fcr Sie m\u00f6glichst unkompliziert und stressfrei abzuwickeln.<\/span><\/span><\/span><span style=\"color: #000000;\"><span style=\"font-family: Liberation Sans, serif;\"><span style=\"font-size: large;\"> Um die Sache ins Rollen zu bringen, <\/span><\/span><\/span><span style=\"color: #000000;\"><span style=\"font-family: Liberation Sans, serif;\"><span style=\"font-size: large;\">schauen Sie sich <\/span><\/span><\/span><span style=\"color: #000000;\"><span style=\"font-family: Liberation Sans, serif;\"><span style=\"font-size: large;\">einfach unter dem Men\u00fcpunkt\u00a0<\/span><\/span><\/span><span style=\"color: #000000;\"><span style=\"font-family: Liberation Sans, serif;\"><span style=\"font-size: large;\"> <a href=\"\/paraguay-immobilie-verkaufen\/\">&gt;&gt; Mit uns verkaufen &lt;&lt;<\/a>\u00a0 um, und f\u00fcllen das <\/span><\/span><\/span><span style=\"color: #000000;\"><span style=\"font-family: Liberation Sans, serif;\"><span style=\"font-size: large;\">kurze<\/span><\/span><\/span><span style=\"color: #000000;\"><span style=\"font-family: Liberation Sans, serif;\"><span style=\"font-size: large;\"> Formular aus. Wir werden Sie danach zeitnah kontaktieren <\/span><\/span><\/span><span style=\"color: #000000;\"><span style=\"font-family: Liberation Sans, serif;\"><span style=\"font-size: large;\">und alles Weitere besprechen.<\/span><\/span><\/span><\/p><\/div>\n\t\t\t\t<\/div>\n\t\t\t\t\t\t\t<div class=\"elementor-toggle-item\">\n\t\t\t\t\t<div id=\"elementor-tab-title-2113\" class=\"elementor-tab-title\" data-tab=\"3\" role=\"button\" aria-controls=\"elementor-tab-content-2113\" aria-expanded=\"false\">\n\t\t\t\t\t\t\t\t\t\t\t\t<span class=\"elementor-toggle-icon elementor-toggle-icon-left\" aria-hidden=\"true\">\n\t\t\t\t\t\t\t\t\t\t\t\t\t\t\t<span class=\"elementor-toggle-icon-closed\"><svg class=\"e-font-icon-svg e-fas-caret-right\" viewBox=\"0 0 192 512\" xmlns=\"http:\/\/www.w3.org\/2000\/svg\"><path d=\"M0 384.662V127.338c0-17.818 21.543-26.741 34.142-14.142l128.662 128.662c7.81 7.81 7.81 20.474 0 28.284L34.142 398.804C21.543 411.404 0 402.48 0 384.662z\"><\/path><\/svg><\/span>\n\t\t\t\t\t\t\t\t<span class=\"elementor-toggle-icon-opened\"><svg class=\"elementor-toggle-icon-opened e-font-icon-svg e-fas-caret-up\" viewBox=\"0 0 320 512\" xmlns=\"http:\/\/www.w3.org\/2000\/svg\"><path d=\"M288.662 352H31.338c-17.818 0-26.741-21.543-14.142-34.142l128.662-128.662c7.81-7.81 20.474-7.81 28.284 0l128.662 128.662c12.6 12.599 3.676 34.142-14.142 34.142z\"><\/path><\/svg><\/span>\n\t\t\t\t\t\t\t\t\t\t\t\t\t<\/span>\n\t\t\t\t\t\t\t\t\t\t\t\t<a class=\"elementor-toggle-title\" tabindex=\"0\">Worauf sollte man besonders achten beim Immobilienkauf in Paraguay?<\/a>\n\t\t\t\t\t<\/div>\n\n\t\t\t\t\t<div id=\"elementor-tab-content-2113\" class=\"elementor-tab-content elementor-clearfix\" data-tab=\"3\" role=\"region\" aria-labelledby=\"elementor-tab-title-2113\"><p>Die Antwort auf diese und viele andere Fragen werden Sie schon bald hier finden. Sie m\u00f6chten nicht so lange warten? Dann stellen Sie Ihre Frage jetzt hier. &gt;&gt; <a href=\"\/kontakt\">Zum Kontaktformular<\/a> &lt;&lt;<br \/>Wir werden Ihnen umgehend antworten. Vielen Dank!<\/p><\/div>\n\t\t\t\t<\/div>\n\t\t\t\t\t\t\t<div class=\"elementor-toggle-item\">\n\t\t\t\t\t<div id=\"elementor-tab-title-2114\" class=\"elementor-tab-title\" data-tab=\"4\" role=\"button\" aria-controls=\"elementor-tab-content-2114\" aria-expanded=\"false\">\n\t\t\t\t\t\t\t\t\t\t\t\t<span class=\"elementor-toggle-icon elementor-toggle-icon-left\" aria-hidden=\"true\">\n\t\t\t\t\t\t\t\t\t\t\t\t\t\t\t<span class=\"elementor-toggle-icon-closed\"><svg class=\"e-font-icon-svg e-fas-caret-right\" viewBox=\"0 0 192 512\" xmlns=\"http:\/\/www.w3.org\/2000\/svg\"><path d=\"M0 384.662V127.338c0-17.818 21.543-26.741 34.142-14.142l128.662 128.662c7.81 7.81 7.81 20.474 0 28.284L34.142 398.804C21.543 411.404 0 402.48 0 384.662z\"><\/path><\/svg><\/span>\n\t\t\t\t\t\t\t\t<span class=\"elementor-toggle-icon-opened\"><svg class=\"elementor-toggle-icon-opened e-font-icon-svg e-fas-caret-up\" viewBox=\"0 0 320 512\" xmlns=\"http:\/\/www.w3.org\/2000\/svg\"><path d=\"M288.662 352H31.338c-17.818 0-26.741-21.543-14.142-34.142l128.662-128.662c7.81-7.81 20.474-7.81 28.284 0l128.662 128.662c12.6 12.599 3.676 34.142-14.142 34.142z\"><\/path><\/svg><\/span>\n\t\t\t\t\t\t\t\t\t\t\t\t\t<\/span>\n\t\t\t\t\t\t\t\t\t\t\t\t<a class=\"elementor-toggle-title\" tabindex=\"0\">Ich habe eine Frage die noch nicht beantwortet wurde<\/a>\n\t\t\t\t\t<\/div>\n\n\t\t\t\t\t<div id=\"elementor-tab-content-2114\" class=\"elementor-tab-content elementor-clearfix\" data-tab=\"4\" role=\"region\" aria-labelledby=\"elementor-tab-title-2114\"><p>Ihre Frage wurde noch nicht beantwortet? Dann stellen Sie Ihre Frage jetzt hier &gt;&gt; <a href=\"\/kontakt\">Zum Kontaktformular<\/a> &lt;&lt;<\/p><\/div>\n\t\t\t\t<\/div>\n\t\t\t\t\t\t\t\t\t\t<script type=\"application\/ld+json\">{\"@context\":\"https:\\\/\\\/schema.org\",\"@type\":\"FAQPage\",\"mainEntity\":[{\"@type\":\"Question\",\"name\":\"Was kostet ein Hektar Land in Paraguay?\",\"acceptedAnswer\":{\"@type\":\"Answer\",\"text\":\"<p><span style=\\\"color: #000000;\\\"><span style=\\\"font-family: Liberation Sans, serif;\\\"><span style=\\\"font-size: large;\\\">Diese Frage h\\u00f6ren wir immer wieder. Die kurze Antwort darauf ist; es kommt immer ganz darauf an. Die Kosten f\\u00fcr einen Hektar Land in Paraguay k\\u00f6nnen aufgrund verschiedener Faktoren erheblich variieren. Zum einen ist nat\\u00fcrlich die Lage und die Region ausschlaggebend. Des Weiteren k\\u00f6nnen die Nutzung (landwirtschaftlich oder zu Wohnzwecken) und die N\\u00e4he zu Annehmlichkeiten oder Infrastruktur den Preis stark beeinflussen. Auch sind gro\\u00dfe Grundst\\u00fccke (20 oder 50 Hektar +) normalerweise im Verh\\u00e4ltnis g\\u00fcnstiger als kleinere. Sie sehen also, man kann diese Frage nicht pauschal beantworten. 1 Hektar Land kann 1000 \\u20ac kosten, er kann aber auch 200.000 \\u20ac oder mehr kosten.<\\\/span><\\\/span><\\\/span><\\\/p>\"}},{\"@type\":\"Question\",\"name\":\"K\\u00f6nnen Sie meine Immobilie f\\u00fcr mich verkaufen \\\/vermieten?\",\"acceptedAnswer\":{\"@type\":\"Answer\",\"text\":\"<p><span style=\\\"color: #000000;\\\"><span style=\\\"font-family: Liberation Sans, serif;\\\"><span style=\\\"font-size: large;\\\">Ja, wir <\\\/span><\\\/span><\\\/span><span style=\\\"color: #000000;\\\"><span style=\\\"font-family: Liberation Sans, serif;\\\"><span style=\\\"font-size: large;\\\">helfen<\\\/span><\\\/span><\\\/span><span style=\\\"color: #000000;\\\"><span style=\\\"font-family: Liberation Sans, serif;\\\"><span style=\\\"font-size: large;\\\"> Ihnen gerne, Ihre Immobilie <\\\/span><\\\/span><\\\/span><span style=\\\"color: #000000;\\\"><span style=\\\"font-family: Liberation Sans, serif;\\\"><span style=\\\"font-size: large;\\\">in Paraguay <\\\/span><\\\/span><\\\/span><span style=\\\"color: #000000;\\\"><span style=\\\"font-family: Liberation Sans, serif;\\\"><span style=\\\"font-size: large;\\\">zu verkaufen und\\\/oder zu vermieten. Dazu ben\\u00f6tigen wir am besten so viele gute Informationen zu Ihrem Objekt wie m\\u00f6glich, sodass wir es sp\\u00e4ter den Interessenten so attraktiv wie m\\u00f6glich pr\\u00e4sentieren k\\u00f6nnen. <\\\/span><\\\/span><\\\/span><span style=\\\"color: #000000;\\\"><span style=\\\"font-family: Liberation Sans, serif;\\\"><span style=\\\"font-size: large;\\\">Wenn Sie schon gute Fotos oder sogar Videos haben, umso besser. Aber falls nicht, k<\\\/span><\\\/span><\\\/span><span style=\\\"color: #000000;\\\"><span style=\\\"font-family: Liberation Sans, serif;\\\"><span style=\\\"font-size: large;\\\">\\u00fcmmern wir uns einfach selbst darum<\\\/span><\\\/span><\\\/span><span style=\\\"color: #000000;\\\"><span style=\\\"font-family: Liberation Sans, serif;\\\"><span style=\\\"font-size: large;\\\">. <\\\/span><\\\/span><\\\/span><span style=\\\"color: #000000;\\\"><span style=\\\"font-family: Liberation Sans, serif;\\\"><span style=\\\"font-size: large;\\\">Unser Ziel ist es, den Verkauf f\\u00fcr Sie m\\u00f6glichst unkompliziert und stressfrei abzuwickeln.<\\\/span><\\\/span><\\\/span><span style=\\\"color: #000000;\\\"><span style=\\\"font-family: Liberation Sans, serif;\\\"><span style=\\\"font-size: large;\\\"> Um die Sache ins Rollen zu bringen, <\\\/span><\\\/span><\\\/span><span style=\\\"color: #000000;\\\"><span style=\\\"font-family: Liberation Sans, serif;\\\"><span style=\\\"font-size: large;\\\">schauen Sie sich <\\\/span><\\\/span><\\\/span><span style=\\\"color: #000000;\\\"><span style=\\\"font-family: Liberation Sans, serif;\\\"><span style=\\\"font-size: large;\\\">einfach unter dem Men\\u00fcpunkt\\u00a0<\\\/span><\\\/span><\\\/span><span style=\\\"color: #000000;\\\"><span style=\\\"font-family: Liberation Sans, serif;\\\"><span style=\\\"font-size: large;\\\"> <a href=\\\"\\\/paraguay-immobilie-verkaufen\\\/\\\">&gt;&gt; Mit uns verkaufen &lt;&lt;<\\\/a>\\u00a0 um, und f\\u00fcllen das <\\\/span><\\\/span><\\\/span><span style=\\\"color: #000000;\\\"><span style=\\\"font-family: Liberation Sans, serif;\\\"><span style=\\\"font-size: large;\\\">kurze<\\\/span><\\\/span><\\\/span><span style=\\\"color: #000000;\\\"><span style=\\\"font-family: Liberation Sans, serif;\\\"><span style=\\\"font-size: large;\\\"> Formular aus. Wir werden Sie danach zeitnah kontaktieren <\\\/span><\\\/span><\\\/span><span style=\\\"color: #000000;\\\"><span style=\\\"font-family: Liberation Sans, serif;\\\"><span style=\\\"font-size: large;\\\">und alles Weitere besprechen.<\\\/span><\\\/span><\\\/span><\\\/p>\"}},{\"@type\":\"Question\",\"name\":\"Worauf sollte man besonders achten beim Immobilienkauf in Paraguay?\",\"acceptedAnswer\":{\"@type\":\"Answer\",\"text\":\"<p>Die Antwort auf diese und viele andere Fragen werden Sie schon bald hier finden. Sie m\\u00f6chten nicht so lange warten? Dann stellen Sie Ihre Frage jetzt hier. &gt;&gt; <a href=\\\"\\\/kontakt\\\">Zum Kontaktformular<\\\/a> &lt;&lt;<br \\\/>Wir werden Ihnen umgehend antworten. Vielen Dank!<\\\/p>\"}},{\"@type\":\"Question\",\"name\":\"Ich habe eine Frage die noch nicht beantwortet wurde\",\"acceptedAnswer\":{\"@type\":\"Answer\",\"text\":\"<p>Ihre Frage wurde noch nicht beantwortet? Dann stellen Sie Ihre Frage jetzt hier &gt;&gt; <a href=\\\"\\\/kontakt\\\">Zum Kontaktformular<\\\/a> &lt;&lt;<\\\/p>\"}}]}<\/script>\n\t\t\t\t\t<\/div>\n\t\t\t\t\t\t<\/div>\n\t\t\t\t<\/div>\n\t\t\t\t\t<\/div>\n\t\t\t\t<\/div>\n\t\t<div class=\"elementor-element elementor-element-0c2a7cd e-flex e-con-boxed e-con e-parent\" data-id=\"0c2a7cd\" data-element_type=\"container\" data-e-type=\"container\">\n\t\t\t\t\t<div class=\"e-con-inner\">\n\t\t\t\t\t<\/div>\n\t\t\t\t<\/div>\n\t\t\t\t<\/div>\n\t\t","protected":false},"excerpt":{"rendered":"<p>Haben sie noch eine Frage zum Immobilienkauf in Paraguay? Eine Immobilie kaufen oder verkaufen in Paraguay? Wer das noch nie gemacht hat, der hat bestimmt so einige Fragen. Request our brochure FAQ: H\u00e4ufig gestellte Fragen zum Verkauf einer Immobilie in Paraguay Was kostet ein Hektar Land in Paraguay? Diese Frage h\u00f6ren wir immer wieder. Die [&hellip;]<\/p>\n","protected":false},"author":1,"featured_media":0,"parent":0,"menu_order":0,"comment_status":"closed","ping_status":"closed","template":"elementor_header_footer","meta":{"footnotes":""},"class_list":["post-46008","page","type-page","status-publish","hentry"],"_links":{"self":[{"href":"https:\/\/grundstuecke-paraguay.com\/en\/wp-json\/wp\/v2\/pages\/46008","targetHints":{"allow":["GET"]}}],"collection":[{"href":"https:\/\/grundstuecke-paraguay.com\/en\/wp-json\/wp\/v2\/pages"}],"about":[{"href":"https:\/\/grundstuecke-paraguay.com\/en\/wp-json\/wp\/v2\/types\/page"}],"author":[{"embeddable":true,"href":"https:\/\/grundstuecke-paraguay.com\/en\/wp-json\/wp\/v2\/users\/1"}],"replies":[{"embeddable":true,"href":"https:\/\/grundstuecke-paraguay.com\/en\/wp-json\/wp\/v2\/comments?post=46008"}],"version-history":[{"count":10,"href":"https:\/\/grundstuecke-paraguay.com\/en\/wp-json\/wp\/v2\/pages\/46008\/revisions"}],"predecessor-version":[{"id":49856,"href":"https:\/\/grundstuecke-paraguay.com\/en\/wp-json\/wp\/v2\/pages\/46008\/revisions\/49856"}],"wp:attachment":[{"href":"https:\/\/grundstuecke-paraguay.com\/en\/wp-json\/wp\/v2\/media?parent=46008"}],"curies":[{"name":"wp","href":"https:\/\/api.w.org\/{rel}","templated":true}]}}