{"id":44028,"date":"2022-03-07T23:34:47","date_gmt":"2022-03-07T23:34:47","guid":{"rendered":"https:\/\/demo26.houzez.co\/?page_id=44028"},"modified":"2024-05-23T19:59:04","modified_gmt":"2024-05-23T23:59:04","slug":"property-search","status":"publish","type":"page","link":"https:\/\/grundstuecke-paraguay.com\/en\/immobiliensuche\/","title":{"rendered":"Real estate search"},"content":{"rendered":"<div data-elementor-type=\"wp-page\" data-elementor-id=\"44028\" class=\"elementor elementor-44028\" data-elementor-post-type=\"page\">\n\t\t\t\t<div class=\"elementor-element elementor-element-d82f4d0 e-flex e-con-boxed e-con e-parent\" data-id=\"d82f4d0\" data-element_type=\"container\" data-e-type=\"container\">\n\t\t\t\t\t<div class=\"e-con-inner\">\n\t\t<div class=\"elementor-element elementor-element-3065616 e-flex e-con-boxed e-con e-child\" data-id=\"3065616\" data-element_type=\"container\" data-e-type=\"container\">\n\t\t\t\t\t<div class=\"e-con-inner\">\n\t\t\t\t<div class=\"elementor-element elementor-element-0765117 elementor-widget elementor-widget-heading\" data-id=\"0765117\" data-element_type=\"widget\" data-e-type=\"widget\" data-widget_type=\"heading.default\">\n\t\t\t\t<div class=\"elementor-widget-container\">\n\t\t\t\t\t<h1 class=\"elementor-heading-title elementor-size-default\">Search and find Paraguay real estate easily!<\/h1>\t\t\t\t<\/div>\n\t\t\t\t<\/div>\n\t\t\t\t<div class=\"elementor-element elementor-element-d9eb248 elementor-widget elementor-widget-text-editor\" data-id=\"d9eb248\" data-element_type=\"widget\" data-e-type=\"widget\" data-widget_type=\"text-editor.default\">\n\t\t\t\t<div class=\"elementor-widget-container\">\n\t\t\t\t\t\t\t\t\t<p>With the convenient real estate search mask on Grundstuecke-Paraguay.com<br \/>Only display the properties and houses that are suitable for you.<\/p><p>Simply sort them by:<\/p><p>Real estate type - Search <a href=\"\/en\/?property_type=grundstueck\">Properties<\/a>, <a href=\"\/en\/?property_type=haus\">Houses<\/a>apartments or stores? <br \/>Status: Buying or renting?<br \/>Location - Where should it be? Which departments or cities are you interested in?<\/p><p>Tip:<br \/>We recommend that you do not use too many filters at the same time as this naturally limits the search results.<br \/>But if you know exactly that you want a house in Asuncion with at least 4 bedrooms, you can of course also enter this.<\/p><p>Search tips<\/p><p>1. if you do not select any filters, all properties will be displayed. Whether houses, plots of land or rental properties.<\/p><p>FAQ:<br \/>I am not getting any search results. <br \/>A: Try to select fewer filters.<\/p><p>I am still not getting any search results.<br \/>A: Try it without a filter<\/p>\t\t\t\t\t\t\t\t<\/div>\n\t\t\t\t<\/div>\n\t\t\t\t\t<\/div>\n\t\t\t\t<\/div>\n\t\t\t\t\t<\/div>\n\t\t\t\t<\/div>\n\t\t\t\t<\/div>","protected":false},"excerpt":{"rendered":"<p>Paraguay Immobilien bequem suchen und finden! Mit der komfortablen Immobilien-Suchmaske auf Grundstuecke-Paraguay.comLassen Sie sich nur die Grundst\u00fccke und H\u00e4user anzeigen, die f\u00fcr Sie in Frage kommen. Sortieren sie ganz einfach nach: Immobilienart &#8211; Suchen Sie Grundst\u00fccke, H\u00e4user, Wohnungen oder Ladenlokale? Status: Kaufen oder Mieten?Lage &#8211; Wo soll es sein? Welche Departamentos oder St\u00e4dte interessieren Sie? [&hellip;]<\/p>\n","protected":false},"author":1,"featured_media":0,"parent":0,"menu_order":0,"comment_status":"closed","ping_status":"closed","template":"template\/property-listings-map.php","meta":{"footnotes":""},"class_list":["post-44028","page","type-page","status-publish","hentry"],"_links":{"self":[{"href":"https:\/\/grundstuecke-paraguay.com\/en\/wp-json\/wp\/v2\/pages\/44028","targetHints":{"allow":["GET"]}}],"collection":[{"href":"https:\/\/grundstuecke-paraguay.com\/en\/wp-json\/wp\/v2\/pages"}],"about":[{"href":"https:\/\/grundstuecke-paraguay.com\/en\/wp-json\/wp\/v2\/types\/page"}],"author":[{"embeddable":true,"href":"https:\/\/grundstuecke-paraguay.com\/en\/wp-json\/wp\/v2\/users\/1"}],"replies":[{"embeddable":true,"href":"https:\/\/grundstuecke-paraguay.com\/en\/wp-json\/wp\/v2\/comments?post=44028"}],"version-history":[{"count":0,"href":"https:\/\/grundstuecke-paraguay.com\/en\/wp-json\/wp\/v2\/pages\/44028\/revisions"}],"wp:attachment":[{"href":"https:\/\/grundstuecke-paraguay.com\/en\/wp-json\/wp\/v2\/media?parent=44028"}],"curies":[{"name":"wp","href":"https:\/\/api.w.org\/{rel}","templated":true}]}}